{"id":559,"date":"2022-05-28T20:01:36","date_gmt":"2022-05-28T18:01:36","guid":{"rendered":"https:\/\/hanshelgesenskolen.org\/hhs\/?page_id=559"},"modified":"2024-03-14T12:49:37","modified_gmt":"2024-03-14T11:49:37","slug":"zukunftsschule","status":"publish","type":"page","link":"https:\/\/hanshelgesenskolen.org\/index.php\/zukunftsschule\/","title":{"rendered":"Zukunftsschule"},"content":{"rendered":"<p>[et_pb_section fb_built=&#8221;1&#8243; theme_builder_area=&#8221;post_content&#8221; _builder_version=&#8221;4.24.2&#8243; _module_preset=&#8221;default&#8221;][et_pb_row _builder_version=&#8221;4.24.2&#8243; _module_preset=&#8221;default&#8221; theme_builder_area=&#8221;post_content&#8221; column_structure=&#8221;2_3,1_3&#8243;][et_pb_column _builder_version=&#8221;4.24.2&#8243; _module_preset=&#8221;default&#8221; type=&#8221;2_3&#8243; theme_builder_area=&#8221;post_content&#8221;][et_pb_text _builder_version=&#8221;4.24.2&#8243; _module_preset=&#8221;default&#8221; theme_builder_area=&#8221;post_content&#8221; hover_enabled=&#8221;0&#8243; sticky_enabled=&#8221;0&#8243;]<\/p>\n<p>Hans Helgesen-Skolen, Frederiksstad &#8211; En skole med mod til mere. Vi er stolte af at v\u00e6re en del af den landesd\u00e6kkende initiativ Zukunftsschule.SH, der er et samarbejde mellem Bildungsministeriums i Schleswig-Holstein, Sparkassen- og Giroverband for Schleswig-Holstein og Kreisfachberaterne for Bildung f\u00fcr nachhaltige Entwicklung. Vores m\u00e5l er at integrere b\u00e6redygtig praksis og undervisning i alle vores skoler. Med fokus p\u00e5 b\u00e6redygtig handling og udvikling, er vores skole engageret i at skabe en fremtid, hvor vores elever er godt rustet til at tage ansvar og bidrage til en b\u00e6redygtig verden. Vi er glade for at v\u00e6re en del af denne bev\u00e6gelse, og vi byder alle interesserede velkomne til at udforske vores skole og vores vision for en b\u00e6redygtig fremtid. Vi er certificeret frem til 2023.<\/p>\n<p>[\/et_pb_text][\/et_pb_column][et_pb_column _builder_version=&#8221;4.24.2&#8243; _module_preset=&#8221;default&#8221; type=&#8221;1_3&#8243; theme_builder_area=&#8221;post_content&#8221;][et_pb_image src=&#8221;https:\/\/hanshelgesenskolen.org\/hhs\/wp-content\/uploads\/2022\/05\/zs3-e1653284063741-compress.jpg&#8221; _builder_version=&#8221;4.24.2&#8243; _module_preset=&#8221;default&#8221; theme_builder_area=&#8221;post_content&#8221; title_text=&#8221;Vi er Zukunfsschule&#8221; hover_enabled=&#8221;0&#8243; sticky_enabled=&#8221;0&#8243;][\/et_pb_image][\/et_pb_column][\/et_pb_row][\/et_pb_section]<\/p>\n","protected":false},"excerpt":{"rendered":"<p>Hans Helgesen-Skolen, Frederiksstad &#8211; En skole med mod til mere. Vi er stolte af at v\u00e6re en del af den landesd\u00e6kkende initiativ Zukunftsschule.SH, der er et samarbejde mellem Bildungsministeriums i Schleswig-Holstein, Sparkassen- og Giroverband for Schleswig-Holstein og Kreisfachberaterne for Bildung f\u00fcr nachhaltige Entwicklung. Vores m\u00e5l er at integrere b\u00e6redygtig praksis og undervisning i alle vores [&hellip;]<\/p>\n","protected":false},"author":2,"featured_media":0,"parent":0,"menu_order":0,"comment_status":"closed","ping_status":"closed","template":"","meta":{"_et_pb_use_builder":"on","_et_pb_old_content":"","_et_gb_content_width":"","footnotes":""},"class_list":["post-559","page","type-page","status-publish","hentry"],"publishpress_future_action":{"enabled":false,"date":"2026-04-23 06:49:21","action":"change-status","newStatus":"draft","terms":[],"taxonomy":"","extraData":[]},"publishpress_future_workflow_manual_trigger":{"enabledWorkflows":[]},"_links":{"self":[{"href":"https:\/\/hanshelgesenskolen.org\/index.php\/wp-json\/wp\/v2\/pages\/559","targetHints":{"allow":["GET"]}}],"collection":[{"href":"https:\/\/hanshelgesenskolen.org\/index.php\/wp-json\/wp\/v2\/pages"}],"about":[{"href":"https:\/\/hanshelgesenskolen.org\/index.php\/wp-json\/wp\/v2\/types\/page"}],"author":[{"embeddable":true,"href":"https:\/\/hanshelgesenskolen.org\/index.php\/wp-json\/wp\/v2\/users\/2"}],"replies":[{"embeddable":true,"href":"https:\/\/hanshelgesenskolen.org\/index.php\/wp-json\/wp\/v2\/comments?post=559"}],"version-history":[{"count":2,"href":"https:\/\/hanshelgesenskolen.org\/index.php\/wp-json\/wp\/v2\/pages\/559\/revisions"}],"predecessor-version":[{"id":1220,"href":"https:\/\/hanshelgesenskolen.org\/index.php\/wp-json\/wp\/v2\/pages\/559\/revisions\/1220"}],"wp:attachment":[{"href":"https:\/\/hanshelgesenskolen.org\/index.php\/wp-json\/wp\/v2\/media?parent=559"}],"curies":[{"name":"wp","href":"https:\/\/api.w.org\/{rel}","templated":true}]}}