{"id":52,"date":"2022-01-28T23:10:42","date_gmt":"2022-01-28T23:10:42","guid":{"rendered":"https:\/\/hanshelgesenskolen.org\/hhs\/?page_id=52"},"modified":"2024-03-26T22:51:20","modified_gmt":"2024-03-26T21:51:20","slug":"musik","status":"publish","type":"page","link":"https:\/\/hanshelgesenskolen.org\/index.php\/musik\/","title":{"rendered":"Musik"},"content":{"rendered":"<p>[et_pb_section fb_built=&#8221;1&#8243; theme_builder_area=&#8221;post_content&#8221; _builder_version=&#8221;4.24.2&#8243; _module_preset=&#8221;default&#8221;][et_pb_row _builder_version=&#8221;4.24.2&#8243; _module_preset=&#8221;default&#8221; theme_builder_area=&#8221;post_content&#8221; column_structure=&#8221;3_5,2_5&#8243;][et_pb_column _builder_version=&#8221;4.24.2&#8243; _module_preset=&#8221;default&#8221; type=&#8221;3_5&#8243; theme_builder_area=&#8221;post_content&#8221;][et_pb_text _builder_version=&#8221;4.24.2&#8243; _module_preset=&#8221;default&#8221; theme_builder_area=&#8221;post_content&#8221; hover_enabled=&#8221;0&#8243; sticky_enabled=&#8221;0&#8243;]<\/p>\n<p>Musik p\u00e5 Hans Helgesen-Skolen er en levende og berigende del af vores undervisning. Vi har den talentfulde Bente Stenger Wulf, der st\u00f8tter med orkesteretarbejdet p\u00e5 skolen. Hun kommer j\u00e6vnligt og hj\u00e6lper beriger vores arangementer med musikalske indslag. Ud over Bente, er der noget frivillig musik om eftermiddagen, her er der forskellige slags instrumenter der undervises i, som munder ud i samspil, SKURK eller aspirantorkestret.<\/p>\n<p>Vi prioriterer ogs\u00e5 morgensang hver uge, hvor b\u00e5de elever og f\u00f8rskoleb\u00f8rn deltager i sangaktiviteter. P\u00e5 vores skole v\u00e6rds\u00e6tter vi musik som en vigtig del af vores f\u00e6llesskab, og vi er stolte af at tilbyde en rig og kreativ musikundervisning til vores elever.<\/p>\n<p>[\/et_pb_text][\/et_pb_column][et_pb_column _builder_version=&#8221;4.24.2&#8243; _module_preset=&#8221;default&#8221; type=&#8221;2_5&#8243; theme_builder_area=&#8221;post_content&#8221;][et_pb_image src=&#8221;https:\/\/hanshelgesenskolen.org\/hhs\/wp-content\/uploads\/2022\/11\/spil-dansk-2-compress.jpg&#8221; _builder_version=&#8221;4.24.2&#8243; _module_preset=&#8221;default&#8221; theme_builder_area=&#8221;post_content&#8221; title_text=&#8221;spil dansk 2&#8243; hover_enabled=&#8221;0&#8243; sticky_enabled=&#8221;0&#8243;][\/et_pb_image][\/et_pb_column][\/et_pb_row][\/et_pb_section]<\/p>\n","protected":false},"excerpt":{"rendered":"<p>Musik p\u00e5 Hans Helgesen-Skolen er en levende og berigende del af vores undervisning. Vi har den talentfulde Bente Stenger Wulf, der st\u00f8tter med orkesteretarbejdet p\u00e5 skolen. Hun kommer j\u00e6vnligt og hj\u00e6lper beriger vores arangementer med musikalske indslag. Ud over Bente, er der noget frivillig musik om eftermiddagen, her er der forskellige slags instrumenter der undervises [&hellip;]<\/p>\n","protected":false},"author":1,"featured_media":0,"parent":0,"menu_order":0,"comment_status":"closed","ping_status":"closed","template":"","meta":{"_et_pb_use_builder":"on","_et_pb_old_content":"<!-- wp:divi\/placeholder \/-->","_et_gb_content_width":"","footnotes":""},"class_list":["post-52","page","type-page","status-publish","hentry"],"publishpress_future_action":{"enabled":false,"date":"2026-04-23 05:19:03","action":"change-status","newStatus":"draft","terms":[],"taxonomy":"","extraData":[]},"publishpress_future_workflow_manual_trigger":{"enabledWorkflows":[]},"_links":{"self":[{"href":"https:\/\/hanshelgesenskolen.org\/index.php\/wp-json\/wp\/v2\/pages\/52","targetHints":{"allow":["GET"]}}],"collection":[{"href":"https:\/\/hanshelgesenskolen.org\/index.php\/wp-json\/wp\/v2\/pages"}],"about":[{"href":"https:\/\/hanshelgesenskolen.org\/index.php\/wp-json\/wp\/v2\/types\/page"}],"author":[{"embeddable":true,"href":"https:\/\/hanshelgesenskolen.org\/index.php\/wp-json\/wp\/v2\/users\/1"}],"replies":[{"embeddable":true,"href":"https:\/\/hanshelgesenskolen.org\/index.php\/wp-json\/wp\/v2\/comments?post=52"}],"version-history":[{"count":3,"href":"https:\/\/hanshelgesenskolen.org\/index.php\/wp-json\/wp\/v2\/pages\/52\/revisions"}],"predecessor-version":[{"id":1249,"href":"https:\/\/hanshelgesenskolen.org\/index.php\/wp-json\/wp\/v2\/pages\/52\/revisions\/1249"}],"wp:attachment":[{"href":"https:\/\/hanshelgesenskolen.org\/index.php\/wp-json\/wp\/v2\/media?parent=52"}],"curies":[{"name":"wp","href":"https:\/\/api.w.org\/{rel}","templated":true}]}}