{"id":46,"date":"2022-01-28T23:08:32","date_gmt":"2022-01-28T23:08:32","guid":{"rendered":"https:\/\/hanshelgesenskolen.org\/hhs\/?page_id=46"},"modified":"2022-04-30T23:32:47","modified_gmt":"2022-04-30T21:32:47","slug":"foreninger","status":"publish","type":"page","link":"https:\/\/hanshelgesenskolen.org\/index.php\/foreninger\/","title":{"rendered":"Foreninger"},"content":{"rendered":"<p>[et_pb_section fb_built=&#8221;1&#8243; _builder_version=&#8221;4.17.3&#8243; _module_preset=&#8221;default&#8221; global_colors_info=&#8221;{}&#8221; theme_builder_area=&#8221;post_content&#8221;][et_pb_row column_structure=&#8221;1_4,1_4,1_4,1_4&#8243; _builder_version=&#8221;4.17.3&#8243; _module_preset=&#8221;default&#8221; global_colors_info=&#8221;{}&#8221; theme_builder_area=&#8221;post_content&#8221; custom_margin=&#8221;-40px|auto||auto||&#8221;][et_pb_column type=&#8221;1_4&#8243; _builder_version=&#8221;4.17.3&#8243; _module_preset=&#8221;default&#8221; global_colors_info=&#8221;{}&#8221; theme_builder_area=&#8221;post_content&#8221;][et_pb_image src=&#8221;https:\/\/hanshelgesenskolen.org\/hhs\/wp-content\/uploads\/2022\/04\/SSF_logo1.jpg&#8221; title_text=&#8221;SSF_logo%911%93&#8243; _builder_version=&#8221;4.17.3&#8243; _module_preset=&#8221;default&#8221; global_colors_info=&#8221;{}&#8221; theme_builder_area=&#8221;post_content&#8221;][\/et_pb_image][et_pb_text _builder_version=&#8221;4.17.3&#8243; _module_preset=&#8221;default&#8221; hover_enabled=&#8221;0&#8243; global_colors_info=&#8221;{}&#8221; theme_builder_area=&#8221;post_content&#8221; sticky_enabled=&#8221;0&#8243;]<\/p>\n<p>Sydslesvigsk Forening er kulturorganisationen der pr\u00e6ger en stor del af mindretalslivet. SSF er en aktiv del af skolen, idet mange af skolens arangementer bliver st\u00f8ttet eller gennemf\u00f8rt af SSF.<\/p>\n<p>[\/et_pb_text][\/et_pb_column][et_pb_column type=&#8221;1_4&#8243; _builder_version=&#8221;4.17.3&#8243; _module_preset=&#8221;default&#8221; global_colors_info=&#8221;{}&#8221; theme_builder_area=&#8221;post_content&#8221;][et_pb_image src=&#8221;https:\/\/hanshelgesenskolen.org\/hhs\/wp-content\/uploads\/2022\/04\/SdU_Landscape_logo_CMYK1.jpg&#8221; title_text=&#8221;SdU_Landscape_logo_CMYK%911%93&#8243; _builder_version=&#8221;4.17.3&#8243; _module_preset=&#8221;default&#8221; global_colors_info=&#8221;{}&#8221; theme_builder_area=&#8221;post_content&#8221;][\/et_pb_image][et_pb_text _builder_version=&#8221;4.17.3&#8243; _module_preset=&#8221;default&#8221; global_colors_info=&#8221;{}&#8221; theme_builder_area=&#8221;post_content&#8221;]<\/p>\n<p>Sydslesvigs danske Ungdomsforeninger er paraplyorganisationen af en del foreninger. I Frederiksstad holder Ejderviking til i idr\u00e6tshallen i vinterperioden.<\/p>\n<p>P\u00e5 skolen er der desuden Frederikstad ungdoms Forening (FuF) som tilbyder forskellige aktiviteter for eleverne.<\/p>\n<p>[\/et_pb_text][\/et_pb_column][et_pb_column type=&#8221;1_4&#8243; _builder_version=&#8221;4.17.3&#8243; _module_preset=&#8221;default&#8221; global_colors_info=&#8221;{}&#8221; theme_builder_area=&#8221;post_content&#8221;][et_pb_image src=&#8221;https:\/\/hanshelgesenskolen.org\/hhs\/wp-content\/uploads\/2022\/04\/csm_om-ssf-links-logo-ssw-sydslesvigsk-forening-ssf_93be71b0331.png&#8221; title_text=&#8221;csm_om-ssf-links-logo-ssw-sydslesvigsk-forening-ssf_93be71b033%911%93&#8243; _builder_version=&#8221;4.17.3&#8243; _module_preset=&#8221;default&#8221; global_colors_info=&#8221;{}&#8221; theme_builder_area=&#8221;post_content&#8221;][\/et_pb_image][et_pb_text _builder_version=&#8221;4.17.3&#8243; _module_preset=&#8221;default&#8221; global_colors_info=&#8221;{}&#8221; theme_builder_area=&#8221;post_content&#8221;]<\/p>\n<p>SSW st\u00e5r for et n\u00e6rdemokrati, som det findes i de nordiske lande: Politiske beslutninger skal tr\u00e6ffes s\u00e5 n\u00e6rt p\u00e5 borgerne som muligt og borgerne skal have mulighed for at tage indflydelse p\u00e5 politikken.<\/p>\n<p>P\u00e5 dette grundlag g\u00e5r SSW ind for at menneskene i vores region skal have chancen for at finde arbejde og leve et godt liv her.<\/p>\n<p>[\/et_pb_text][\/et_pb_column][et_pb_column type=&#8221;1_4&#8243; _builder_version=&#8221;4.17.3&#8243; _module_preset=&#8221;default&#8221; global_colors_info=&#8221;{}&#8221; theme_builder_area=&#8221;post_content&#8221;][et_pb_image src=&#8221;https:\/\/hanshelgesenskolen.org\/hhs\/wp-content\/uploads\/2022\/04\/csm_Logo_88a1112a90.jpg&#8221; title_text=&#8221;csm_Logo_88a1112a90&#8243; _builder_version=&#8221;4.17.3&#8243; _module_preset=&#8221;default&#8221; global_colors_info=&#8221;{}&#8221; theme_builder_area=&#8221;post_content&#8221;][\/et_pb_image][et_pb_text _builder_version=&#8221;4.17.3&#8243; _module_preset=&#8221;default&#8221; global_colors_info=&#8221;{}&#8221; theme_builder_area=&#8221;post_content&#8221;]<\/p>\n<p>Mennonitterkirken i Frederiksstad blev opf\u00f8rt i 1708 ved siden af Den gamle M\u00f8nt (Alte M\u00fcnze) ved Mellemborggraven. Kirken benyttes b\u00e5de af mennonitterne og Frederiksstads danske menighed.<\/p>\n<p>Den mennonittiske menighed har r\u00f8dder tilbage til 1600-tallet, hvor anabaptisterne (d\u00f8bere) fra Nederlandene og fra halv\u00f8en Ejdersted bosatte sig i Frederiksstad. Ved siden af kirken findes en lille mennonitisk kirkeg\u00e5rd med gravsten fra 1700-tallet. Den danske menighed fejrer gudstjeneste n\u00e6sten hver s\u00f8ndag p\u00e5 dansk, men med enkelte tyske stationer undervejs.<\/p>\n<p>[\/et_pb_text][\/et_pb_column][\/et_pb_row][\/et_pb_section]<\/p>\n","protected":false},"excerpt":{"rendered":"<p>Sydslesvigsk Forening er kulturorganisationen der pr\u00e6ger en stor del af mindretalslivet. SSF er en aktiv del af skolen, idet mange af skolens arangementer bliver st\u00f8ttet eller gennemf\u00f8rt af SSF.Sydslesvigs danske Ungdomsforeninger er paraplyorganisationen af en del foreninger. I Frederiksstad holder Ejderviking til i idr\u00e6tshallen i vinterperioden. P\u00e5 skolen er der desuden Frederikstad ungdoms Forening (FuF) [&hellip;]<\/p>\n","protected":false},"author":1,"featured_media":0,"parent":0,"menu_order":0,"comment_status":"closed","ping_status":"closed","template":"","meta":{"_et_pb_use_builder":"on","_et_pb_old_content":"<!-- wp:divi\/placeholder \/-->","_et_gb_content_width":"","footnotes":""},"class_list":["post-46","page","type-page","status-publish","hentry"],"publishpress_future_action":{"enabled":false,"date":"2026-04-25 18:29:59","action":"change-status","newStatus":"draft","terms":[],"taxonomy":"","extraData":[]},"publishpress_future_workflow_manual_trigger":{"enabledWorkflows":[]},"_links":{"self":[{"href":"https:\/\/hanshelgesenskolen.org\/index.php\/wp-json\/wp\/v2\/pages\/46","targetHints":{"allow":["GET"]}}],"collection":[{"href":"https:\/\/hanshelgesenskolen.org\/index.php\/wp-json\/wp\/v2\/pages"}],"about":[{"href":"https:\/\/hanshelgesenskolen.org\/index.php\/wp-json\/wp\/v2\/types\/page"}],"author":[{"embeddable":true,"href":"https:\/\/hanshelgesenskolen.org\/index.php\/wp-json\/wp\/v2\/users\/1"}],"replies":[{"embeddable":true,"href":"https:\/\/hanshelgesenskolen.org\/index.php\/wp-json\/wp\/v2\/comments?post=46"}],"version-history":[{"count":8,"href":"https:\/\/hanshelgesenskolen.org\/index.php\/wp-json\/wp\/v2\/pages\/46\/revisions"}],"predecessor-version":[{"id":345,"href":"https:\/\/hanshelgesenskolen.org\/index.php\/wp-json\/wp\/v2\/pages\/46\/revisions\/345"}],"wp:attachment":[{"href":"https:\/\/hanshelgesenskolen.org\/index.php\/wp-json\/wp\/v2\/media?parent=46"}],"curies":[{"name":"wp","href":"https:\/\/api.w.org\/{rel}","templated":true}]}}