{"id":44,"date":"2022-01-28T23:08:07","date_gmt":"2022-01-28T23:08:07","guid":{"rendered":"https:\/\/hanshelgesenskolen.org\/hhs\/?page_id=44"},"modified":"2022-05-31T22:46:37","modified_gmt":"2022-05-31T20:46:37","slug":"sfo","status":"publish","type":"page","link":"https:\/\/hanshelgesenskolen.org\/index.php\/sfo\/","title":{"rendered":"SFO"},"content":{"rendered":"<p>[et_pb_section fb_built=&#8221;1&#8243; _builder_version=&#8221;4.17.3&#8243; _module_preset=&#8221;default&#8221; global_colors_info=&#8221;{}&#8221;][et_pb_row column_structure=&#8221;1_2,1_2&#8243; _builder_version=&#8221;4.17.3&#8243; _module_preset=&#8221;default&#8221; global_colors_info=&#8221;{}&#8221;][et_pb_column type=&#8221;1_2&#8243; _builder_version=&#8221;4.17.3&#8243; _module_preset=&#8221;default&#8221; global_colors_info=&#8221;{}&#8221;][et_pb_image src=&#8221;https:\/\/hanshelgesenskolen.org\/hhs\/wp-content\/uploads\/2021\/07\/Group-3-Copy-6.jpg&#8221; title_text=&#8221;Group-3-Copy-6&#8243; _builder_version=&#8221;4.17.3&#8243; _module_preset=&#8221;default&#8221; global_colors_info=&#8221;{}&#8221;][\/et_pb_image][et_pb_button button_url=&#8221;https:\/\/hanshelgesenskolen.org\/hhs\/wp-content\/uploads\/2022\/05\/Brochure-til-foraeldre-grundskoler.pdf&#8221; button_text=&#8221;Download flyer og tilmelding&#8221; _builder_version=&#8221;4.17.4&#8243; _module_preset=&#8221;default&#8221; hover_enabled=&#8221;0&#8243; global_colors_info=&#8221;{}&#8221; url_new_window=&#8221;on&#8221; sticky_enabled=&#8221;0&#8243;][\/et_pb_button][\/et_pb_column][et_pb_column type=&#8221;1_2&#8243; _builder_version=&#8221;4.17.3&#8243; _module_preset=&#8221;default&#8221; global_colors_info=&#8221;{}&#8221;][et_pb_text _builder_version=&#8221;4.17.3&#8243; _module_preset=&#8221;default&#8221; global_colors_info=&#8221;{}&#8221;]<\/p>\n<h2>OVERORDNEDE RETNINGSLINJER FOR SKOLEFRITIDSORDNINGERNES OPGAVE:<\/h2>\n<p>I forl\u00e6ngelse af de i lovgivningen og i form\u00e5lsparagraffen fastsatte bestemmelser g\u00e6lder f\u00f8lgende retningslinjer for arbejdet i foreningens skolefritidsordninger:<\/p>\n<p>(1) Skolefritidsordningen er et frivilligt tilbud for skolens elever om pasning og p\u00e6dagogiske aktiviteter med dansk sprog og kultur. Skolefritidsordningen er en integreret del af skolens virksomhed og bidrager til at v\u00e6re et bindeled mellem skolen og de danske foreningers tilbud.<\/p>\n<p>(2) Det er skolefritidsordningens m\u00e5l at give det enkelte barn mulighed for udvikling og trivsel i trygge rammer samt at styrke den enkeltes selvv\u00e6rd. Skolefritidsordningen har endvidere det m\u00e5l, at det enkelte barn l\u00e6rer at tilrettel\u00e6gge egen fritid ved at erkende og formulere egne behov.<\/p>\n<p>(3) Skolefritidsordningen danner rammen om planlagte og varierende aktiviteter og leg samt underst\u00f8tter b\u00f8rnenes lektiel\u00e6sning.<\/p>\n<p>(4) Skolefritidsordningens p\u00e6dagogiske opgave s\u00f8ges l\u00f8st i et samarbejde med for\u00e6ldrene.<\/p>\n<p><strong>Rammebetingelser<\/strong><\/p>\n<ul>\n<li>\u00c5bningstid: 5 af ugens dage indtil ca. kl. 15.30<\/li>\n<li>Ferieordninger: Ja<\/li>\n<li>Tilmelding: Et \u00e5r ad gangen<\/li>\n<li>Finansiering: Brugerbetaling og tilskud fra landet SH og kommunen<\/li>\n<\/ul>\n<p>[\/et_pb_text][\/et_pb_column][\/et_pb_row][et_pb_row _builder_version=&#8221;4.17.4&#8243; _module_preset=&#8221;default&#8221; global_colors_info=&#8221;{}&#8221;][et_pb_column type=&#8221;4_4&#8243; _builder_version=&#8221;4.17.4&#8243; _module_preset=&#8221;default&#8221; global_colors_info=&#8221;{}&#8221;][et_pb_text _builder_version=&#8221;4.17.4&#8243; _module_preset=&#8221;default&#8221; global_colors_info=&#8221;{}&#8221;]<\/p>\n<p>Heldagsskolen er et tilbud, som du har mulighed for at melde dine b\u00f8rn til. Heldagsskolen skaber rum og trygge rammer for, at b\u00f8rnene efter endt undervisning kan udfolde sig kreativt og mangfoldigt. De kan fx bare slappe af, f\u00e5 lavet lektier og deltage i aktiviteter.<\/p>\n<p>I heldagsskolen er der fokus p\u00e5 dine b\u00f8rns udvikling og trivsel. Her er der rig mulighed for at m\u00f8de dansk sprog og kultur i fritiden. Derfor ser vi heldagsskoler for at v\u00e6re et unikt l\u00e6ringsrum, hvor b\u00f8rnene kan udvikle deres sprog- og kulturforst\u00e5else p\u00e5 mere uformel vis.<\/p>\n<p>Derudover er der fokus p\u00e5 f\u00e6llesskabet, som er en vigtig v\u00e6rdi for os i Skoleforeningen. I heldags-skolen er b\u00f8rnene sammen med deres kammerater efter undervisningen. De oplever at v\u00e6re del af et f\u00e6llesskab, hvor man har det sjovt sammen og l\u00e6rer nyt, samtidigt med at b\u00f8rnene fortsat kan \u00f8ve sig videre p\u00e5 de sociale spilleregler.<\/p>\n<p>[\/et_pb_text][\/et_pb_column][\/et_pb_row][\/et_pb_section]<\/p>\n","protected":false},"excerpt":{"rendered":"<p>OVERORDNEDE RETNINGSLINJER FOR SKOLEFRITIDSORDNINGERNES OPGAVE: I forl\u00e6ngelse af de i lovgivningen og i form\u00e5lsparagraffen fastsatte bestemmelser g\u00e6lder f\u00f8lgende retningslinjer for arbejdet i foreningens skolefritidsordninger: (1) Skolefritidsordningen er et frivilligt tilbud for skolens elever om pasning og p\u00e6dagogiske aktiviteter med dansk sprog og kultur. Skolefritidsordningen er en integreret del af skolens virksomhed og bidrager til at [&hellip;]<\/p>\n","protected":false},"author":1,"featured_media":0,"parent":0,"menu_order":0,"comment_status":"closed","ping_status":"closed","template":"","meta":{"_et_pb_use_builder":"on","_et_pb_old_content":"<!-- wp:divi\/placeholder \/-->","_et_gb_content_width":"","footnotes":""},"class_list":["post-44","page","type-page","status-publish","hentry"],"publishpress_future_action":{"enabled":false,"date":"2026-05-10 10:16:17","action":"change-status","newStatus":"draft","terms":[],"taxonomy":"","extraData":[]},"publishpress_future_workflow_manual_trigger":{"enabledWorkflows":[]},"_links":{"self":[{"href":"https:\/\/hanshelgesenskolen.org\/index.php\/wp-json\/wp\/v2\/pages\/44","targetHints":{"allow":["GET"]}}],"collection":[{"href":"https:\/\/hanshelgesenskolen.org\/index.php\/wp-json\/wp\/v2\/pages"}],"about":[{"href":"https:\/\/hanshelgesenskolen.org\/index.php\/wp-json\/wp\/v2\/types\/page"}],"author":[{"embeddable":true,"href":"https:\/\/hanshelgesenskolen.org\/index.php\/wp-json\/wp\/v2\/users\/1"}],"replies":[{"embeddable":true,"href":"https:\/\/hanshelgesenskolen.org\/index.php\/wp-json\/wp\/v2\/comments?post=44"}],"version-history":[{"count":8,"href":"https:\/\/hanshelgesenskolen.org\/index.php\/wp-json\/wp\/v2\/pages\/44\/revisions"}],"predecessor-version":[{"id":634,"href":"https:\/\/hanshelgesenskolen.org\/index.php\/wp-json\/wp\/v2\/pages\/44\/revisions\/634"}],"wp:attachment":[{"href":"https:\/\/hanshelgesenskolen.org\/index.php\/wp-json\/wp\/v2\/media?parent=44"}],"curies":[{"name":"wp","href":"https:\/\/api.w.org\/{rel}","templated":true}]}}