{"id":40,"date":"2022-01-28T23:06:25","date_gmt":"2022-01-28T23:06:25","guid":{"rendered":"https:\/\/hanshelgesenskolen.org\/hhs\/?page_id=40"},"modified":"2024-10-09T12:31:32","modified_gmt":"2024-10-09T10:31:32","slug":"om-skolen","status":"publish","type":"page","link":"https:\/\/hanshelgesenskolen.org\/","title":{"rendered":"Om skolen"},"content":{"rendered":"\n[et_pb_section fb_built=&#8221;1&#8243; admin_label=&#8221;section&#8221; _builder_version=&#8221;4.16&#8243; custom_padding=&#8221;9px||0px|||&#8221; global_colors_info=&#8221;{}&#8221;][et_pb_row column_structure=&#8221;3_5,2_5&#8243; _builder_version=&#8221;4.17.4&#8243; _module_preset=&#8221;default&#8221; global_colors_info=&#8221;{}&#8221;][et_pb_column type=&#8221;3_5&#8243; _builder_version=&#8221;4.17.4&#8243; _module_preset=&#8221;default&#8221; global_colors_info=&#8221;{}&#8221;][et_pb_team_member name=&#8221;Markus Hausen&#8221; position=&#8221;Skoleleder&#8221; image_url=&#8221;https:\/\/hanshelgesenskolen.org\/hhs\/wp-content\/uploads\/2022\/05\/1631480892454.jpg&#8221; linkedin_url=&#8221;https:\/\/de.linkedin.com\/in\/markus-hausen&#8221; _builder_version=&#8221;4.17.3&#8243; _module_preset=&#8221;default&#8221; global_colors_info=&#8221;{}&#8221;]<p>I 2021 startede jeg som skoleleder p\u00e5 Hans Helgesen-Skolen. Mit m\u00e5l er at vi skaber en skole der skaber rammer for god l\u00e6ring hvor alle er med p\u00e5 deres pr\u00e6misser med respekt for hinanden. Jeg \u00f8nsker en skole hvor b\u00f8rn er glade for at g\u00e5 i skole og hvor for\u00e6ldre kan stole p\u00e5, at skolen yder det bedste for b\u00f8rnenes l\u00e6ring.<\/p>[\/et_pb_team_member][et_pb_text _builder_version=&#8221;4.17.4&#8243; _module_preset=&#8221;default&#8221; global_colors_info=&#8221;{}&#8221;]<p>Vi er en lille skole, hvor alle kender hinanden, &#8211; og vi l\u00e6gger v\u00e6gt p\u00e5 en h\u00f8flig og venlig omgangsform. Vi vil gerne v\u00e6re en skole, hvor vi behandler hinanden med gensidig respekt og forst\u00e5else. Det er ogs\u00e5 vigtigt for os at skabe et \u00e5bent og tillidsfuldt forhold mellem for\u00e6ldre og l\u00e6rere.<\/p>\n<p>Vi er glade for den tillid for\u00e6ldrene viser os idet de sender deres b\u00f8rn til Hans Helgesen Skolen. Skolens f\u00e6llesskab bliver s\u00e5 tydeligt ved de store arrangementer, som julefest, for\u00e5rskoncert, motionsdag eller aktivitetsdage. Hans Helgesen-Skolen blev grundlagt i 1946 som byskole i Frederiksstad. I dag er skoledistriktet ret vidtstrakt og de fleste elever k\u00f8rer med bus til skole. Elevtallet er p.t. p\u00e5 65 fordelt p\u00e5 4 klasser (1.kl.-6.kl.). Vi er syv l\u00e6rere der underviser b\u00f8rnene. Der er to b\u00f8rnehaver tilknyttet skolen. F\u00f8rskolearbejdet foreg\u00e5r p\u00e5 skolen. Ud over den obligatoriske undervisning er skolen \u00e5ben for flere fritidstilbud til elever og voksne, herunder flere musikgrupper, ungdomsklub og aftenskole. Det musiske og naturen vurderes h\u00f8jt og har god grobund.<\/p>[\/et_pb_text][\/et_pb_column][et_pb_column type=&#8221;2_5&#8243; _builder_version=&#8221;4.17.4&#8243; _module_preset=&#8221;default&#8221; global_colors_info=&#8221;{}&#8221;][et_pb_post_slider posts_number=&#8221;3&#8243; include_categories=&#8221;12&#8243; _builder_version=&#8221;4.24.2&#8243; _module_preset=&#8221;default&#8221; global_colors_info=&#8221;{}&#8221;][\/et_pb_post_slider][et_pb_image src=&#8221;https:\/\/hanshelgesenskolen.org\/hhs\/wp-content\/uploads\/2022\/04\/image.jpg&#8221; title_text=&#8221;image&#8221; _builder_version=&#8221;4.17.3&#8243; _module_preset=&#8221;default&#8221; global_colors_info=&#8221;{}&#8221;][\/et_pb_image][\/et_pb_column][\/et_pb_row][\/et_pb_section][et_pb_section fb_built=&#8221;1&#8243; _builder_version=&#8221;4.17.4&#8243; _module_preset=&#8221;default&#8221; custom_padding=&#8221;19px|||||&#8221; global_colors_info=&#8221;{}&#8221;][et_pb_row _builder_version=&#8221;4.17.4&#8243; _module_preset=&#8221;default&#8221; global_colors_info=&#8221;{}&#8221;][et_pb_column type=&#8221;4_4&#8243; _builder_version=&#8221;4.17.4&#8243; _module_preset=&#8221;default&#8221; global_colors_info=&#8221;{}&#8221;][et_pb_text _builder_version=&#8221;4.17.4&#8243; _module_preset=&#8221;default&#8221; global_colors_info=&#8221;{}&#8221;]<p>Skolen lever op til v\u00e6rdierne gennem:<\/p>\n<ul>\n<li>formidling af dansk sprog og kultur,<\/li>\n<li>det gode samarbejde mellem skole og hjem,<\/li>\n<li>det forpligtende samarbejde i klasseteamet omkring det enkelte barn,<\/li>\n<li>udviklingen af individuelle handleplaner som dr\u00f8ftes med hvert for\u00e6ldrepar,<\/li>\n<li>udviklingen af sociale handleplaner for hele klassen,<\/li>\n<li>samarbejdet med andre organisationer indenfor og udenfor mindretallet til gavn for vores elever og skolens familier,<\/li>\n<li>veluddannede l\u00e6rere, p\u00e6dagoger og andet personale,<\/li>\n<li>velfungerende fysiske og psykiske rammer,<\/li>\n<li>\u00e6stetiske fysiske rammer,<\/li>\n<li>en skoleudvikling, der tager udgangspunkt i samfundets udvikling, mindretallets udvikling, p\u00e6dagogikkens udvikling og f\u00f8rst og fremmest det enkelte barns behov. <\/li>\n<\/ul>[\/et_pb_text][\/et_pb_column][\/et_pb_row][\/et_pb_section]\n","protected":false},"excerpt":{"rendered":"<p>I 2021 startede jeg som skoleleder p\u00e5 Hans Helgesen-Skolen. Mit m\u00e5l er at vi skaber en skole der skaber rammer for god l\u00e6ring hvor alle er med p\u00e5 deres pr\u00e6misser med respekt for hinanden. Jeg \u00f8nsker en skole hvor b\u00f8rn er glade for at g\u00e5 i skole og hvor for\u00e6ldre kan stole p\u00e5, at skolen [&hellip;]<\/p>\n","protected":false},"author":1,"featured_media":0,"parent":0,"menu_order":0,"comment_status":"closed","ping_status":"closed","template":"","meta":{"_et_pb_use_builder":"on","_et_pb_old_content":"<!-- wp:paragraph -->\n<p>Lorem ipsum dolor sit amet, consectetur adipiscing elit, sed do eiusmod tempor incididunt ut labore et dolore magna aliqua. Massa massa ultricies mi quis hendrerit dolor magna eget. Massa placerat duis ultricies lacus sed turpis tincidunt id. Et tortor at risus viverra adipiscing. Arcu non odio euismod lacinia at quis risus. Est pellentesque elit ullamcorper dignissim cras tincidunt. Vitae purus faucibus ornare suspendisse sed nisi lacus sed. Massa sed elementum tempus egestas. Facilisis volutpat est velit egestas dui. Eget nulla facilisi etiam dignissim diam quis enim lobortis. Faucibus et molestie ac feugiat sed lectus vestibulum. Egestas tellus rutrum tellus pellentesque eu tincidunt tortor aliquam nulla. Libero justo laoreet sit amet cursus. Vestibulum lorem sed risus ultricies tristique nulla aliquet enim tortor. Et magnis dis parturient montes nascetur ridiculus. Accumsan tortor posuere ac ut consequat semper viverra. Amet mattis vulputate enim nulla aliquet porttitor lacus luctus accumsan. Amet consectetur adipiscing elit duis tristique sollicitudin nibh sit amet.<\/p>\n<!-- \/wp:paragraph -->\n\n<!-- wp:paragraph -->\n<p>Ultricies mi quis hendrerit dolor magna. Volutpat blandit aliquam etiam erat velit scelerisque in dictum non. Praesent tristique magna sit amet purus gravida quis blandit turpis. Sed turpis tincidunt id aliquet risus feugiat in ante metus. Hac habitasse platea dictumst vestibulum. Iaculis urna id volutpat lacus laoreet non curabitur. Bibendum at varius vel pharetra vel turpis nunc eget lorem. Mattis aliquam faucibus purus in massa tempor. Aliquet porttitor lacus luctus accumsan tortor posuere. Egestas tellus rutrum tellus pellentesque eu tincidunt. Nunc pulvinar sapien et ligula ullamcorper malesuada proin. Tellus orci ac auctor augue mauris. Eu tincidunt tortor aliquam nulla facilisi cras. In metus vulputate eu scelerisque felis imperdiet proin fermentum leo. Enim nunc faucibus a pellentesque sit amet porttitor eget. Ultricies mi eget mauris pharetra.<\/p>\n<!-- \/wp:paragraph -->\n\n<!-- wp:paragraph -->\n<p>Viverra nam libero justo laoreet sit amet. A diam maecenas sed enim ut. Faucibus turpis in eu mi. Facilisi cras fermentum odio eu feugiat pretium nibh. Vulputate eu scelerisque felis imperdiet proin fermentum leo vel. Massa tincidunt dui ut ornare lectus sit amet est placerat. Habitasse platea dictumst vestibulum rhoncus est pellentesque elit ullamcorper dignissim. Mauris rhoncus aenean vel elit scelerisque mauris. Tempus urna et pharetra pharetra. Nisl nisi scelerisque eu ultrices vitae auctor eu augue. Turpis tincidunt id aliquet risus feugiat in ante metus dictum. Eget nunc lobortis mattis aliquam faucibus purus in massa tempor. Vitae semper quis lectus nulla at volutpat.<\/p>\n<!-- \/wp:paragraph -->\n\n<!-- wp:paragraph -->\n<p>Turpis egestas integer eget aliquet nibh praesent. Laoreet sit amet cursus sit amet dictum sit amet justo. Leo in vitae turpis massa. Parturient montes nascetur ridiculus mus mauris vitae ultricies leo. Pulvinar mattis nunc sed blandit libero volutpat sed cras. Blandit libero volutpat sed cras ornare. Sed augue lacus viverra vitae congue eu consequat ac. Mauris in aliquam sem fringilla ut morbi tincidunt. Pulvinar etiam non quam lacus suspendisse faucibus interdum posuere lorem. Suscipit tellus mauris a diam maecenas sed enim ut sem. Non consectetur a erat nam at lectus. Sed arcu non odio euismod lacinia at quis risus sed. Sit amet commodo nulla facilisi nullam. Sit amet consectetur adipiscing elit duis tristique sollicitudin. Neque volutpat ac tincidunt vitae semper quis lectus nulla at. Ipsum a arcu cursus vitae congue mauris rhoncus aenean vel.<\/p>\n<!-- \/wp:paragraph -->\n\n<!-- wp:paragraph -->\n<p>Pharetra diam sit amet nisl suscipit. Tellus mauris a diam maecenas sed enim. Volutpat diam ut venenatis tellus. Venenatis cras sed felis eget velit. Convallis convallis tellus id interdum velit laoreet id. Nullam vehicula ipsum a arcu. Id volutpat lacus laoreet non. Nunc non blandit massa enim nec. Quam id leo in vitae turpis massa sed. Porttitor massa id neque aliquam vestibulum morbi. Quisque egestas diam in arcu cursus euismod quis. Dui nunc mattis enim ut tellus elementum. Id velit ut tortor pretium. Vel pharetra vel turpis nunc eget. Dolor sit amet consectetur adipiscing elit pellentesque habitant. Adipiscing diam donec adipiscing tristique risus nec feugiat in fermentum.<\/p>\n<!-- \/wp:paragraph -->\n\n<!-- wp:paragraph -->\n<p>Dictum varius duis at consectetur lorem donec. Bibendum est ultricies integer quis auctor elit sed vulputate mi. In hac habitasse platea dictumst quisque sagittis purus. Varius quam quisque id diam. Ornare lectus sit amet est placerat in. Porttitor eget dolor morbi non arcu risus quis varius. Neque convallis a cras semper auctor neque vitae. Ipsum consequat nisl vel pretium. Sit amet mauris commodo quis imperdiet. Sed ullamcorper morbi tincidunt ornare massa eget egestas. Non arcu risus quis varius quam quisque id diam vel. Enim blandit volutpat maecenas volutpat. Auctor augue mauris augue neque gravida in fermentum et. Leo a diam sollicitudin tempor id eu nisl. Diam maecenas sed enim ut.<\/p>\n<!-- \/wp:paragraph -->\n\n<!-- wp:paragraph -->\n<p>Consequat nisl vel pretium lectus quam id leo in vitae. Mauris vitae ultricies leo integer malesuada nunc vel. Velit sed ullamcorper morbi tincidunt ornare massa eget. Pellentesque habitant morbi tristique senectus. Magna eget est lorem ipsum dolor sit amet. Vel pharetra vel turpis nunc eget lorem. Odio eu feugiat pretium nibh ipsum consequat nisl vel pretium. Convallis posuere morbi leo urna molestie. Lectus magna fringilla urna porttitor. Tempus imperdiet nulla malesuada pellentesque elit eget gravida cum. Egestas purus viverra accumsan in nisl nisi scelerisque eu. Sodales ut eu sem integer vitae justo. Semper risus in hendrerit gravida rutrum quisque non tellus. Id leo in vitae turpis massa sed elementum tempus egestas.<\/p>\n<!-- \/wp:paragraph -->\n\n<!-- wp:paragraph -->\n<p>Commodo viverra maecenas accumsan lacus vel facilisis volutpat est. Vel pharetra vel turpis nunc eget. Aliquet bibendum enim facilisis gravida neque convallis a cras semper. Dolor sit amet consectetur adipiscing elit ut aliquam purus. Morbi tristique senectus et netus et malesuada fames ac turpis. Cras semper auctor neque vitae tempus. In pellentesque massa placerat duis ultricies lacus sed turpis tincidunt. Nisl tincidunt eget nullam non nisi est sit. Nunc eget lorem dolor sed viverra. Ultricies lacus sed turpis tincidunt id aliquet. Tincidunt augue interdum velit euismod in pellentesque massa. Quam elementum pulvinar etiam non quam lacus suspendisse faucibus interdum. Tellus mauris a diam maecenas sed enim ut sem viverra. Nisl nisi scelerisque eu ultrices vitae auctor. Sed id semper risus in hendrerit gravida rutrum. Consequat mauris nunc congue nisi vitae suscipit tellus. Nibh praesent tristique magna sit amet purus gravida quis.<\/p>\n<!-- \/wp:paragraph -->\n\n<!-- wp:paragraph -->\n<p>In fermentum et sollicitudin ac orci phasellus. Consectetur libero id faucibus nisl. Tincidunt ornare massa eget egestas purus viverra accumsan in nisl. Fringilla est ullamcorper eget nulla facilisi etiam dignissim diam. Enim sit amet venenatis urna. Volutpat diam ut venenatis tellus in metus vulputate eu scelerisque. Nunc id cursus metus aliquam eleifend mi in nulla posuere. Porttitor eget dolor morbi non arcu risus quis varius quam. Sit amet volutpat consequat mauris. Ultrices vitae auctor eu augue ut. Enim nunc faucibus a pellentesque sit. Gravida arcu ac tortor dignissim convallis aenean et tortor at. Eu augue ut lectus arcu bibendum. Faucibus vitae aliquet nec ullamcorper sit amet risus nullam. Sapien eget mi proin sed libero enim sed faucibus. Velit dignissim sodales ut eu sem. Nulla facilisi nullam vehicula ipsum a arcu.<\/p>\n<!-- \/wp:paragraph -->\n\n<!-- wp:paragraph -->\n<p>Rutrum tellus pellentesque eu tincidunt tortor aliquam nulla. Tempus urna et pharetra pharetra. Elit sed vulputate mi sit amet mauris. Commodo sed egestas egestas fringilla phasellus faucibus. In est ante in nibh. Interdum consectetur libero id faucibus nisl tincidunt eget. Vel facilisis volutpat est velit egestas. Amet nisl purus in mollis nunc sed id semper risus. Malesuada fames ac turpis egestas sed tempus urna. Id ornare arcu odio ut sem nulla pharetra diam sit. Leo in vitae turpis massa sed elementum tempus. Scelerisque felis imperdiet proin fermentum.<\/p>\n<!-- \/wp:paragraph -->\n\n<!-- wp:paragraph -->\n<p>Sed sed risus pretium quam vulputate dignissim suspendisse in. Ac tortor dignissim convallis aenean et. Eu turpis egestas pretium aenean pharetra magna. Elit duis tristique sollicitudin nibh sit. Pharetra pharetra massa massa ultricies mi quis hendrerit dolor magna. Egestas tellus rutrum tellus pellentesque eu tincidunt. Rutrum quisque non tellus orci ac auctor augue mauris augue. Diam ut venenatis tellus in. Vitae semper quis lectus nulla. Accumsan lacus vel facilisis volutpat est. Amet aliquam id diam maecenas. Faucibus pulvinar elementum integer enim neque volutpat. Ultrices tincidunt arcu non sodales neque. In hac habitasse platea dictumst vestibulum rhoncus. Facilisi cras fermentum odio eu feugiat pretium nibh ipsum consequat. Sed vulputate odio ut enim. Nec dui nunc mattis enim ut tellus. Facilisis volutpat est velit egestas dui id ornare arcu. Purus viverra accumsan in nisl nisi scelerisque.<\/p>\n<!-- \/wp:paragraph -->\n\n<!-- wp:paragraph -->\n<p>Pulvinar mattis nunc sed blandit libero volutpat sed cras ornare. Suspendisse ultrices gravida dictum fusce ut placerat orci nulla. Dignissim convallis aenean et tortor. Quis viverra nibh cras pulvinar mattis nunc. Dictum sit amet justo donec enim diam vulputate ut pharetra. Neque ornare aenean euismod elementum nisi. Quis imperdiet massa tincidunt nunc. Mattis ullamcorper velit sed ullamcorper morbi tincidunt. Euismod lacinia at quis risus sed vulputate. Arcu odio ut sem nulla. Lectus nulla at volutpat diam ut venenatis tellus in metus. Turpis tincidunt id aliquet risus feugiat in ante metus dictum. Ac turpis egestas maecenas pharetra convallis posuere morbi leo. Tempus quam pellentesque nec nam. Consectetur a erat nam at lectus urna. Tempor orci eu lobortis elementum nibh tellus molestie nunc non. Sem fringilla ut morbi tincidunt augue. Amet consectetur adipiscing elit pellentesque habitant morbi tristique. Quam quisque id diam vel quam elementum pulvinar etiam non. Congue mauris rhoncus aenean vel elit scelerisque.<\/p>\n<!-- \/wp:paragraph -->\n\n<!-- wp:paragraph -->\n<p>Diam vel quam elementum pulvinar etiam non quam lacus. Mauris sit amet massa vitae tortor condimentum lacinia quis vel. Ridiculus mus mauris vitae ultricies. Vitae purus faucibus ornare suspendisse sed nisi. Interdum varius sit amet mattis vulputate enim nulla aliquet porttitor. Vestibulum morbi blandit cursus risus. Cursus risus at ultrices mi. In arcu cursus euismod quis viverra nibh cras pulvinar mattis. At erat pellentesque adipiscing commodo elit at imperdiet dui accumsan. Vestibulum mattis ullamcorper velit sed ullamcorper. At tempor commodo ullamcorper a lacus vestibulum sed. Eu scelerisque felis imperdiet proin fermentum leo.<\/p>\n<!-- \/wp:paragraph -->\n\n<!-- wp:paragraph -->\n<p>Vulputate enim nulla aliquet porttitor lacus. Et molestie ac feugiat sed lectus vestibulum. Quam quisque id diam vel quam elementum pulvinar etiam non. Lacus vestibulum sed arcu non odio euismod. Enim neque volutpat ac tincidunt vitae semper quis lectus. Sed odio morbi quis commodo odio aenean. Quis imperdiet massa tincidunt nunc. Ultrices in iaculis nunc sed augue. Non odio euismod lacinia at quis risus sed vulputate odio. Neque convallis a cras semper auctor neque. Hendrerit gravida rutrum quisque non tellus orci ac auctor. Nunc sed blandit libero volutpat sed cras.<\/p>\n<!-- \/wp:paragraph -->\n\n<!-- wp:paragraph -->\n<p>Pretium quam vulputate dignissim suspendisse in est ante in. Sed libero enim sed faucibus turpis in eu mi bibendum. Commodo viverra maecenas accumsan lacus vel. Non pulvinar neque laoreet suspendisse interdum consectetur. Nunc lobortis mattis aliquam faucibus purus in massa tempor nec. Donec ac odio tempor orci dapibus. Porttitor massa id neque aliquam vestibulum morbi blandit. Nibh venenatis cras sed felis eget velit. Massa enim nec dui nunc mattis. Mi bibendum neque egestas congue quisque egestas. Egestas dui id ornare arcu odio ut sem nulla pharetra. Ultrices gravida dictum fusce ut placerat. Enim ut tellus elementum sagittis vitae et. Sem et tortor consequat id porta nibh venenatis cras sed. Condimentum mattis pellentesque id nibh tortor id aliquet. Eget sit amet tellus cras adipiscing enim eu turpis egestas. Elementum nisi quis eleifend quam.<\/p>\n<!-- \/wp:paragraph -->\n\n<!-- wp:paragraph -->\n<p>Sagittis purus sit amet volutpat consequat mauris nunc. Libero volutpat sed cras ornare arcu dui vivamus arcu felis. Tempus imperdiet nulla malesuada pellentesque elit. Lobortis elementum nibh tellus molestie nunc non blandit. Morbi blandit cursus risus at. Ac placerat vestibulum lectus mauris ultrices eros in cursus. Vestibulum lorem sed risus ultricies tristique nulla aliquet enim. Sed lectus vestibulum mattis ullamcorper velit sed ullamcorper. Vitae aliquet nec ullamcorper sit amet risus nullam eget felis. Nisi porta lorem mollis aliquam ut porttitor leo. Vitae suscipit tellus mauris a diam. Proin fermentum leo vel orci. Natoque penatibus et magnis dis. Tellus rutrum tellus pellentesque eu tincidunt tortor aliquam. Purus semper eget duis at tellus. Ultrices neque ornare aenean euismod elementum. Quis viverra nibh cras pulvinar. Nunc faucibus a pellentesque sit amet porttitor eget dolor morbi. Cursus in hac habitasse platea dictumst quisque sagittis.<\/p>\n<!-- \/wp:paragraph -->\n\n<!-- wp:paragraph -->\n<p>Diam phasellus vestibulum lorem sed risus. Sem nulla pharetra diam sit. Lorem mollis aliquam ut porttitor leo. Enim sit amet venenatis urna cursus eget. Gravida quis blandit turpis cursus in hac habitasse. Dui sapien eget mi proin sed libero enim sed. Neque volutpat ac tincidunt vitae. Sit amet nulla facilisi morbi tempus. Massa vitae tortor condimentum lacinia quis vel eros donec. Vitae congue mauris rhoncus aenean vel elit scelerisque mauris pellentesque. Aliquam vestibulum morbi blandit cursus risus at ultrices mi tempus. Libero justo laoreet sit amet cursus sit amet dictum. Arcu vitae elementum curabitur vitae nunc sed. Mauris pharetra et ultrices neque ornare aenean euismod. Vitae auctor eu augue ut lectus arcu bibendum. Suscipit adipiscing bibendum est ultricies. Aliquet nibh praesent tristique magna sit amet. Adipiscing elit pellentesque habitant morbi. Consectetur adipiscing elit ut aliquam purus sit amet.<\/p>\n<!-- \/wp:paragraph -->\n\n<!-- wp:paragraph -->\n<p>Lobortis scelerisque fermentum dui faucibus in ornare quam. Proin libero nunc consequat interdum varius sit amet mattis. Ultrices gravida dictum fusce ut placerat. Eu nisl nunc mi ipsum faucibus vitae aliquet. Rutrum quisque non tellus orci ac. Egestas egestas fringilla phasellus faucibus scelerisque eleifend donec pretium. Cum sociis natoque penatibus et. Odio tempor orci dapibus ultrices in iaculis nunc. Amet venenatis urna cursus eget nunc scelerisque viverra mauris in. Urna molestie at elementum eu facilisis. Duis at consectetur lorem donec. At tempor commodo ullamcorper a. Donec ultrices tincidunt arcu non sodales neque. Convallis convallis tellus id interdum. Volutpat diam ut venenatis tellus in metus vulputate eu scelerisque. Quis viverra nibh cras pulvinar mattis nunc sed blandit libero. Eget nulla facilisi etiam dignissim diam quis. Libero volutpat sed cras ornare.<\/p>\n<!-- \/wp:paragraph -->\n\n<!-- wp:paragraph -->\n<p>Mi proin sed libero enim sed faucibus turpis in. Viverra accumsan in nisl nisi. Sapien pellentesque habitant morbi tristique senectus et netus et. Gravida in fermentum et sollicitudin. Imperdiet nulla malesuada pellentesque elit eget. Nulla aliquet porttitor lacus luctus accumsan. Sapien eget mi proin sed. Urna et pharetra pharetra massa massa ultricies mi. Tempor nec feugiat nisl pretium fusce id. Enim nec dui nunc mattis enim ut tellus elementum sagittis. Viverra aliquet eget sit amet tellus cras adipiscing enim eu. Eget felis eget nunc lobortis mattis aliquam faucibus purus in. Non blandit massa enim nec dui nunc mattis enim ut. Nisl tincidunt eget nullam non nisi. Lacus sed turpis tincidunt id. Elit sed vulputate mi sit amet mauris commodo quis. Lobortis scelerisque fermentum dui faucibus in ornare quam viverra orci. Eu tincidunt tortor aliquam nulla.<\/p>\n<!-- \/wp:paragraph -->\n\n<!-- wp:paragraph -->\n<p>Ut sem nulla pharetra diam sit amet nisl suscipit. Cursus euismod quis viverra nibh cras pulvinar. Elit sed vulputate mi sit amet mauris commodo quis. Arcu non sodales neque sodales ut. Tempus egestas sed sed risus pretium. Fames ac turpis egestas sed tempus urna et pharetra. Non odio euismod lacinia at quis risus sed vulputate odio. Sed odio morbi quis commodo odio aenean. Vitae auctor eu augue ut. Amet justo donec enim diam vulputate ut pharetra. Pulvinar etiam non quam lacus suspendisse. Duis at tellus at urna condimentum mattis pellentesque. Venenatis lectus magna fringilla urna. Metus dictum at tempor commodo ullamcorper a. Ornare lectus sit amet est. Ac placerat vestibulum lectus mauris ultrices eros. Amet porttitor eget dolor morbi non arcu risus quis. Elementum tempus egestas sed sed risus.<\/p>\n<!-- \/wp:paragraph -->","_et_gb_content_width":"","footnotes":""},"class_list":["post-40","page","type-page","status-publish","hentry"],"publishpress_future_action":{"enabled":false,"date":"2026-04-26 03:30:00","action":"change-status","newStatus":"draft","terms":[],"taxonomy":"","extraData":[]},"publishpress_future_workflow_manual_trigger":{"enabledWorkflows":[]},"_links":{"self":[{"href":"https:\/\/hanshelgesenskolen.org\/index.php\/wp-json\/wp\/v2\/pages\/40","targetHints":{"allow":["GET"]}}],"collection":[{"href":"https:\/\/hanshelgesenskolen.org\/index.php\/wp-json\/wp\/v2\/pages"}],"about":[{"href":"https:\/\/hanshelgesenskolen.org\/index.php\/wp-json\/wp\/v2\/types\/page"}],"author":[{"embeddable":true,"href":"https:\/\/hanshelgesenskolen.org\/index.php\/wp-json\/wp\/v2\/users\/1"}],"replies":[{"embeddable":true,"href":"https:\/\/hanshelgesenskolen.org\/index.php\/wp-json\/wp\/v2\/comments?post=40"}],"version-history":[{"count":14,"href":"https:\/\/hanshelgesenskolen.org\/index.php\/wp-json\/wp\/v2\/pages\/40\/revisions"}],"predecessor-version":[{"id":1519,"href":"https:\/\/hanshelgesenskolen.org\/index.php\/wp-json\/wp\/v2\/pages\/40\/revisions\/1519"}],"wp:attachment":[{"href":"https:\/\/hanshelgesenskolen.org\/index.php\/wp-json\/wp\/v2\/media?parent=40"}],"curies":[{"name":"wp","href":"https:\/\/api.w.org\/{rel}","templated":true}]}}