{"id":1775,"date":"2025-06-15T12:07:06","date_gmt":"2025-06-15T10:07:06","guid":{"rendered":"https:\/\/hanshelgesenskolen.org\/?page_id=1775"},"modified":"2025-06-15T14:56:10","modified_gmt":"2025-06-15T12:56:10","slug":"lovpligtige-belaeringer","status":"publish","type":"page","link":"https:\/\/hanshelgesenskolen.org\/index.php\/lovpligtige-belaeringer\/","title":{"rendered":"Lovpligtige bel\u00e6ringer"},"content":{"rendered":"<p>[et_pb_section fb_built=&#8221;1&#8243; _builder_version=&#8221;4.27.4&#8243; _module_preset=&#8221;default&#8221; global_colors_info=&#8221;{}&#8221; custom_padding=&#8221;||0px|||&#8221;][et_pb_row _builder_version=&#8221;4.27.4&#8243; _module_preset=&#8221;default&#8221; global_colors_info=&#8221;{}&#8221;][et_pb_column type=&#8221;4_4&#8243; _builder_version=&#8221;4.27.4&#8243; _module_preset=&#8221;default&#8221; global_colors_info=&#8221;{}&#8221;][et_pb_text _builder_version=&#8221;4.27.4&#8243; _module_preset=&#8221;default&#8221; global_colors_info=&#8221;{}&#8221;]<\/p>\n<p>Der er bestemte omr\u00e5der, hvor man som medarbejder skal orienteres og instrueres inden man m\u00e5 varetage arbejde p\u00e5 skolen.<\/p>\n<p>Omr\u00e5der der er relevant er blandt andet hygiejne, sundhed, sikkerhed, beskyttelse af b\u00f8rn. Det er ikke nok med orientering, ligeledes skal lovtekster g\u00f8res tilg\u00e6ngeligt og specielle formularer skal lovligt anvendes til dokumentation. Det er lederens opgave at sikre, at medarbejderen har f\u00e5et adgang til relevant lovstof.<\/p>\n<p>Bel\u00e6ring om Smitsomme sygdomme, sundhed og hygiejne i skolerne:\u00a0 Belehrung f\u00fcr die Besch\u00e4ftigten in Schulen und sonstigen Gemeinschaftseinrichtungen gem. \u00a7 35 IfSG <a href=\"https:\/\/www.gesetze-im-internet.de\/ifsg\/__35.html\">https:\/\/www.gesetze-im-internet.de\/ifsg\/__35.html<\/a>\u00a0<\/p>\n<p>Sikkerhed i undervisningen: Sicherheit um Unterricht RiSU (Richtlinien zur Sicherheit im Unterricht) <a href=\"https:\/\/uk-nord.de\/assets\/redakteur\/Treffpunkt_Schule\/Sicherheit-im-Unterricht-RiSU.pdf\">https:\/\/uk-nord.de\/assets\/redakteur\/Treffpunkt_Schule\/Sicherheit-im-Unterricht-RiSU.pdf<\/a>\u00a0\u00a0<\/p>\n<p>Information om farevurdering af p\u00e6dagogiske aktiviteter: Handlungshilfe zur p\u00e4dagogischen Gef\u00e4hrdungsbeurteilung in Schulen <a href=\"https:\/\/publikationen.dguv.de\/widgets\/pdf\/download\/article\/4918\">https:\/\/publikationen.dguv.de\/widgets\/pdf\/download\/article\/4918<\/a>\u00a0<\/p>\n<p>&nbsp;<\/p>\n<p>[\/et_pb_text][\/et_pb_column][\/et_pb_row][\/et_pb_section][et_pb_section fb_built=&#8221;1&#8243; theme_builder_area=&#8221;post_content&#8221; _builder_version=&#8221;4.27.4&#8243; _module_preset=&#8221;default&#8221; custom_padding=&#8221;15px|||||&#8221;][et_pb_row _builder_version=&#8221;4.27.4&#8243; _module_preset=&#8221;default&#8221; theme_builder_area=&#8221;post_content&#8221; hover_enabled=&#8221;0&#8243; sticky_enabled=&#8221;0&#8243;][et_pb_column _builder_version=&#8221;4.27.4&#8243; _module_preset=&#8221;default&#8221; type=&#8221;4_4&#8243; theme_builder_area=&#8221;post_content&#8221;][et_pb_text _builder_version=&#8221;4.27.4&#8243; _module_preset=&#8221;default&#8221; theme_builder_area=&#8221;post_content&#8221; hover_enabled=&#8221;0&#8243; sticky_enabled=&#8221;0&#8243; text_font_size=&#8221;71px&#8221; text_text_color=&#8221;#BB2739&#8243; text_text_shadow_style=&#8221;preset3&#8243; text_text_shadow_horizontal_length=&#8221;0.04em&#8221; text_text_shadow_color=&#8221;#000000&#8243; text_font=&#8221;|800|||||||&#8221; text_line_height=&#8221;1em&#8221;]<\/p>\n<p>Evakuerings instrukser<\/p>\n<p>[\/et_pb_text][\/et_pb_column][\/et_pb_row][\/et_pb_section][et_pb_section fb_built=&#8221;1&#8243; _builder_version=&#8221;4.27.4&#8243; _module_preset=&#8221;default&#8221; global_colors_info=&#8221;{}&#8221; custom_margin=&#8221;-61px|||||&#8221;][et_pb_row column_structure=&#8221;1_3,1_3,1_3&#8243; _builder_version=&#8221;4.27.4&#8243; _module_preset=&#8221;default&#8221; global_colors_info=&#8221;{}&#8221;][et_pb_column type=&#8221;1_3&#8243; _builder_version=&#8221;4.27.4&#8243; _module_preset=&#8221;default&#8221; global_colors_info=&#8221;{}&#8221;][et_pb_text _builder_version=&#8221;4.27.4&#8243; _module_preset=&#8221;default&#8221; global_colors_info=&#8221;{}&#8221;][\/et_pb_text][et_pb_image src=&#8221;https:\/\/hanshelgesenskolen.org\/hhs\/wp-content\/uploads\/2025\/06\/Screenshot-2025-06-15-120509-211&#215;300.png&#8221; title_text=&#8221;Screenshot 2025-06-15 120509&#8243; _builder_version=&#8221;4.27.4&#8243; _module_preset=&#8221;default&#8221; module_alignment=&#8221;center&#8221; hover_enabled=&#8221;0&#8243; global_colors_info=&#8221;{}&#8221; min_height=&#8221;353px&#8221; height=&#8221;100px&#8221; width=&#8221;100%&#8221; max_width=&#8221;100%&#8221; sticky_enabled=&#8221;0&#8243;][\/et_pb_image][\/et_pb_column][et_pb_column type=&#8221;1_3&#8243; _builder_version=&#8221;4.27.4&#8243; _module_preset=&#8221;default&#8221; global_colors_info=&#8221;{}&#8221;][et_pb_code _builder_version=&#8221;4.27.4&#8243; _module_preset=&#8221;default&#8221; global_colors_info=&#8221;{}&#8221;]<iframe loading=\"lazy\" width=\"400px\" height=\"400px\" src=\"https:\/\/www.skoletube.dk\/e\/lz89g9htf9p88w4kfv3vphulw5u7dg095sx6a4ya\/0\" frameborder=\"0\" allowfullscreen><\/iframe>[\/et_pb_code][\/et_pb_column][et_pb_column type=&#8221;1_3&#8243; _builder_version=&#8221;4.27.4&#8243; _module_preset=&#8221;default&#8221; global_colors_info=&#8221;{}&#8221;][et_pb_text _builder_version=&#8221;4.27.4&#8243; _module_preset=&#8221;default&#8221; hover_enabled=&#8221;0&#8243; sticky_enabled=&#8221;0&#8243;]<\/p>\n<h1><strong>Hvad hvis&#8230;<\/strong><\/h1>\n<p><strong>&#8230;eleverne ikke er fuldtallige?<\/strong> <br \/>Evakueres der alligevel og manglende elever meddeles lederen af samlingsstedet. Eleverne kender til proceduren og ved, lige meget hvor de er, n\u00e5r alarmen g\u00e5r, skal de til samlingsstedet.<\/p>\n<p><strong>&#8230;der er r\u00f8g p\u00e5 gangen?<\/strong> <br \/>Forbliver man i klassev\u00e6rrelset, lukker d\u00f8ren og g\u00f8r opm\u00e6rksom p\u00e5 sig ved vinduet. Man ringer 112 og siger, i hvilken klasse man er og hvor mange personer man er indenfor. Hvis muligt l\u00e6gger man et v\u00e5dt h\u00e5ndkl\u00e6de foran d\u00f8ren og holder det fugtigt.<\/p>\n<p>[\/et_pb_text][\/et_pb_column][\/et_pb_row][\/et_pb_section]<\/p>\n","protected":false},"excerpt":{"rendered":"<p>Der er bestemte omr\u00e5der, hvor man som medarbejder skal orienteres og instrueres inden man m\u00e5 varetage arbejde p\u00e5 skolen. Omr\u00e5der der er relevant er blandt andet hygiejne, sundhed, sikkerhed, beskyttelse af b\u00f8rn. Det er ikke nok med orientering, ligeledes skal lovtekster g\u00f8res tilg\u00e6ngeligt og specielle formularer skal lovligt anvendes til dokumentation. Det er lederens opgave [&hellip;]<\/p>\n","protected":false},"author":2,"featured_media":0,"parent":0,"menu_order":0,"comment_status":"closed","ping_status":"closed","template":"","meta":{"_et_pb_use_builder":"on","_et_pb_old_content":"","_et_gb_content_width":"","footnotes":""},"class_list":["post-1775","page","type-page","status-publish","hentry"],"publishpress_future_action":{"enabled":false,"date":"2026-04-22 17:49:11","action":"change-status","newStatus":"draft","terms":[],"taxonomy":"","extraData":[]},"publishpress_future_workflow_manual_trigger":{"enabledWorkflows":[]},"_links":{"self":[{"href":"https:\/\/hanshelgesenskolen.org\/index.php\/wp-json\/wp\/v2\/pages\/1775","targetHints":{"allow":["GET"]}}],"collection":[{"href":"https:\/\/hanshelgesenskolen.org\/index.php\/wp-json\/wp\/v2\/pages"}],"about":[{"href":"https:\/\/hanshelgesenskolen.org\/index.php\/wp-json\/wp\/v2\/types\/page"}],"author":[{"embeddable":true,"href":"https:\/\/hanshelgesenskolen.org\/index.php\/wp-json\/wp\/v2\/users\/2"}],"replies":[{"embeddable":true,"href":"https:\/\/hanshelgesenskolen.org\/index.php\/wp-json\/wp\/v2\/comments?post=1775"}],"version-history":[{"count":12,"href":"https:\/\/hanshelgesenskolen.org\/index.php\/wp-json\/wp\/v2\/pages\/1775\/revisions"}],"predecessor-version":[{"id":1795,"href":"https:\/\/hanshelgesenskolen.org\/index.php\/wp-json\/wp\/v2\/pages\/1775\/revisions\/1795"}],"wp:attachment":[{"href":"https:\/\/hanshelgesenskolen.org\/index.php\/wp-json\/wp\/v2\/media?parent=1775"}],"curies":[{"name":"wp","href":"https:\/\/api.w.org\/{rel}","templated":true}]}}