{"id":1652,"date":"2024-12-19T20:48:15","date_gmt":"2024-12-19T19:48:15","guid":{"rendered":"https:\/\/hanshelgesenskolen.org\/?page_id=1652"},"modified":"2024-12-20T11:07:55","modified_gmt":"2024-12-20T10:07:55","slug":"chokoladebanan","status":"publish","type":"page","link":"https:\/\/hanshelgesenskolen.org\/index.php\/chokoladebanan\/","title":{"rendered":"Chokoladebanan"},"content":{"rendered":"<p>[et_pb_section fb_built=&#8221;1&#8243; _builder_version=&#8221;4.25.0&#8243; _module_preset=&#8221;default&#8221; global_colors_info=&#8221;{}&#8221;][et_pb_row column_structure=&#8221;3_4,1_4&#8243; _builder_version=&#8221;4.25.0&#8243; _module_preset=&#8221;default&#8221; global_colors_info=&#8221;{}&#8221;][et_pb_column type=&#8221;3_4&#8243; _builder_version=&#8221;4.25.0&#8243; _module_preset=&#8221;default&#8221; global_colors_info=&#8221;{}&#8221;][et_pb_text _builder_version=&#8221;4.27.4&#8243; _module_preset=&#8221;default&#8221; global_colors_info=&#8221;{}&#8221;]<\/p>\n<h2><strong>K\u00e6re medarbejdere,<\/strong><\/h2>\n<p>N\u00e5r vi nu n\u00e6rmer os \u00e5rets afslutning, vil jeg gerne tage et \u00f8jeblik til at sige tak for jeres fantastiske indsats\u00a0 gennem \u00e5ret. Hver af jer har spillet en vigtig rolle i vores f\u00e6lles succes, og jeg er utroligt stolte af det, vi sammen har opn\u00e5et. Uden din indsats ville der mangle den puslebrik der g\u00f8r Hans Helgesen-Skolen til det den er.<\/p>\n<p>\u00d8konomiske rammer presser os, tiden presser os, men til at sige tak, skal der altid v\u00e6re tid (og penge) til. Jeg har derfor valgt i \u00e5r at tilbyde et IKEA dessert. Du skal selv bygge den sammen og varme.<\/p>\n<p>Nu m\u00e5 du l\u00e6ne dig tilbage og nyde julens gl\u00e6der sammen med dem, du holder af. Jeg \u00f8nsker dig en gl\u00e6delig jul og et lykkebringende nyt\u00e5r. M\u00e5 det nye \u00e5r bringe lykke, gl\u00e6de og masser af gode stunder.<\/p>\n<p>Tak for alt det, I har gjort i \u00e5r \u2013 vi gl\u00e6der os til at forts\u00e6tte rejsen sammen i det kommende \u00e5r!<\/p>\n<p>De bedste julehilsener,<\/p>\n<p>Markus<\/p>\n<h2>Vejledning<\/h2>\n<p>Fork\u00e6l dig selv med en l\u00e6kker chokoladebanan, der nemt kan laves over b\u00e5let eller i ovnen.<\/p>\n<p>Perfekt til hyggelige stunder med familien eller vennerne ogs\u00e5 til juletiden.<\/p>\n<p>Sk\u00e6r en lille rille i skr\u00e6llen p\u00e5 din banan og fyld den med de skiver af schokolade eller friske b\u00e6r, du elsker mest.<\/p>\n<p>Placer bananen p\u00e5 en rist over flammerne eller i ovnen, og lad den stege, indtil skr\u00e6llen er sort og indholdet er smeltet og bl\u00f8dt.<\/p>\n<p>Server den lune banan med en skefuld og nyd den s\u00f8de, varme smag. T\u00f8r ikke at stoppe der; lad fantasien flyve og tilf\u00f8j n\u00f8ddesm\u00f8r, nutella eller skumfiduser for en endnu mere uimodst\u00e5elig variation. Det er en enkel opskrift, der bringer gl\u00e6de og s\u00f8dme til enhver lejlighed.<\/p>\n<p>[\/et_pb_text][\/et_pb_column][et_pb_column type=&#8221;1_4&#8243; _builder_version=&#8221;4.25.0&#8243; _module_preset=&#8221;default&#8221; global_colors_info=&#8221;{}&#8221;][et_pb_image src=&#8221;https:\/\/hanshelgesenskolen.org\/hhs\/wp-content\/uploads\/2024\/12\/DALL\u00b7E-2024-12-19-20.40.39-A-delicious-roasted-banana-with-its-peel-partially-opened-filled-with-melted-chocolate-and-fresh-berries-placed-on-a-grill-over-gentle-flames.-The-s-300&#215;300.webp&#8221; title_text=&#8221;DALL\u00b7E 2024-12-19 20.40.39 &#8211; A delicious roasted banana with its peel partially opened, filled with melted chocolate and fresh berries, placed on a grill over gentle flames. The s&#8221; _builder_version=&#8221;4.27.4&#8243; _module_preset=&#8221;default&#8221; global_colors_info=&#8221;{}&#8221;][\/et_pb_image][et_pb_image src=&#8221;https:\/\/hanshelgesenskolen.org\/hhs\/wp-content\/uploads\/2024\/12\/3-015f89fc-31c8-4ce0-855a-5004a17bdf16-512&#215;512.jpg&#8221; _builder_version=&#8221;4.27.4&#8243; _module_preset=&#8221;default&#8221; hover_enabled=&#8221;0&#8243; sticky_enabled=&#8221;0&#8243;][\/et_pb_image][\/et_pb_column][\/et_pb_row][\/et_pb_section]<\/p>\n","protected":false},"excerpt":{"rendered":"<p>K\u00e6re medarbejdere, N\u00e5r vi nu n\u00e6rmer os \u00e5rets afslutning, vil jeg gerne tage et \u00f8jeblik til at sige tak for jeres fantastiske indsats\u00a0 gennem \u00e5ret. Hver af jer har spillet en vigtig rolle i vores f\u00e6lles succes, og jeg er utroligt stolte af det, vi sammen har opn\u00e5et. Uden din indsats ville der mangle den [&hellip;]<\/p>\n","protected":false},"author":2,"featured_media":0,"parent":0,"menu_order":0,"comment_status":"closed","ping_status":"closed","template":"","meta":{"_et_pb_use_builder":"on","_et_pb_old_content":"","_et_gb_content_width":"","footnotes":""},"class_list":["post-1652","page","type-page","status-publish","hentry"],"publishpress_future_action":{"enabled":false,"date":"2026-04-24 11:39:10","action":"change-status","newStatus":"draft","terms":[],"taxonomy":"","extraData":[]},"publishpress_future_workflow_manual_trigger":{"enabledWorkflows":[]},"_links":{"self":[{"href":"https:\/\/hanshelgesenskolen.org\/index.php\/wp-json\/wp\/v2\/pages\/1652","targetHints":{"allow":["GET"]}}],"collection":[{"href":"https:\/\/hanshelgesenskolen.org\/index.php\/wp-json\/wp\/v2\/pages"}],"about":[{"href":"https:\/\/hanshelgesenskolen.org\/index.php\/wp-json\/wp\/v2\/types\/page"}],"author":[{"embeddable":true,"href":"https:\/\/hanshelgesenskolen.org\/index.php\/wp-json\/wp\/v2\/users\/2"}],"replies":[{"embeddable":true,"href":"https:\/\/hanshelgesenskolen.org\/index.php\/wp-json\/wp\/v2\/comments?post=1652"}],"version-history":[{"count":3,"href":"https:\/\/hanshelgesenskolen.org\/index.php\/wp-json\/wp\/v2\/pages\/1652\/revisions"}],"predecessor-version":[{"id":1661,"href":"https:\/\/hanshelgesenskolen.org\/index.php\/wp-json\/wp\/v2\/pages\/1652\/revisions\/1661"}],"wp:attachment":[{"href":"https:\/\/hanshelgesenskolen.org\/index.php\/wp-json\/wp\/v2\/media?parent=1652"}],"curies":[{"name":"wp","href":"https:\/\/api.w.org\/{rel}","templated":true}]}}