{"id":149,"date":"2022-04-25T21:09:24","date_gmt":"2022-04-25T21:09:24","guid":{"rendered":"https:\/\/hanshelgesenskolen.org\/hhs\/?page_id=149"},"modified":"2023-11-11T22:04:30","modified_gmt":"2023-11-11T21:04:30","slug":"skolehaven","status":"publish","type":"page","link":"https:\/\/hanshelgesenskolen.org\/index.php\/skolehaven\/","title":{"rendered":"Skolehaven"},"content":{"rendered":"<p>[et_pb_section fb_built=&#8221;1&#8243; _builder_version=&#8221;4.23.1&#8243; _module_preset=&#8221;default&#8221; global_colors_info=&#8221;{}&#8221;][et_pb_row column_structure=&#8221;3_5,2_5&#8243; _builder_version=&#8221;4.23.1&#8243; _module_preset=&#8221;default&#8221; global_colors_info=&#8221;{}&#8221;][et_pb_column type=&#8221;3_5&#8243; _builder_version=&#8221;4.23.1&#8243; _module_preset=&#8221;default&#8221; global_colors_info=&#8221;{}&#8221;][et_pb_text _builder_version=&#8221;4.23.1&#8243; _module_preset=&#8221;default&#8221; global_colors_info=&#8221;{}&#8221;]<\/p>\n<p>Velkommen til Hans Helgesen-Skolens skolehave!<\/p>\n<p>Vi er stolte af at pr\u00e6sentere vores smukke skolehave, der udg\u00f8r et unikt l\u00e6ringsmilj\u00f8 for vores elever. Hos os tror vi p\u00e5, at naturen ikke kun er en kilde til sk\u00f8nhed, men ogs\u00e5 en uudt\u00f8mmelig kilde til l\u00e6ring og udvikling. Derfor har vi skabt Hans Helgesen-Skolens skolehave som et levende klassev\u00e6relse, hvor eleverne kan fordybe sig i undervisning, udforske naturen og dyrke vigtige f\u00e6rdigheder for livet.<\/p>\n<p>Eleverne har mulighed for at plante og pleje deres egne gr\u00f8ntsager, observere planter og insekter i deres naturlige habitat, og deltage i forskellige haveaktiviteter, der fremmer samarbejde og ansvar.<\/p>\n<p>For at styrke b\u00e5ndet mellem vores elever og naturen, arrangerer vi regelm\u00e6ssigt udend\u00f8rs undervisningssessioner og workshops i skolehaven. Dette giver ikke kun en praktisk tilgang til l\u00e6ring, men giver ogs\u00e5 vores elever mulighed for at udvikle en dybere forst\u00e5else for milj\u00f8et omkring dem.<\/p>\n<p>Skolehaven er ogs\u00e5 et sted for kreativitet og selvudtryk. Vi opfordrer vores elever til at bruge haven som inspiration til kunstprojekter, skriveopgaver og andre kreative udfoldelser. Dette skaber en dynamisk l\u00e6ringsoplevelse, der g\u00e5r ud over de traditionelle klassev\u00e6relsesgr\u00e6nser.<\/p>\n<p>Vi l\u00e6rer vores elever om vigtigheden af \u200b\u200bat bevare milj\u00f8et og respektere naturens balance. Gennem vores b\u00e6redygtighedsprojekter, l\u00e6rer eleverne at tage ansvar for deres handlinger og bidrage til en sundere planet.<\/p>\n<p>Hans Helgesen-Skolens skolehave er ikke kun et sted for l\u00e6ring, men ogs\u00e5 et sted for v\u00e6kst, fordybelse og gl\u00e6de. Vi er begejstrede for at se vores elever trives i dette unikke l\u00e6ringsmilj\u00f8 og tage disse vigtige livslektioner med sig ind i fremtiden. Velkommen til en verden af \u200b\u200bmuligheder i Hans Helgesen-Skolens skolehave!<\/p>\n<p>[\/et_pb_text][\/et_pb_column][et_pb_column type=&#8221;2_5&#8243; _builder_version=&#8221;4.23.1&#8243; _module_preset=&#8221;default&#8221; global_colors_info=&#8221;{}&#8221;][et_pb_image src=&#8221;https:\/\/hanshelgesenskolen.org\/hhs\/wp-content\/uploads\/2022\/05\/BEAAC8AE-F8F7-48B4-95EB-C3D15A713BCB-scaled.jpeg&#8221; title_text=&#8221;Planterne er p\u00e5 vej til skolehaven&#8221; _builder_version=&#8221;4.23.1&#8243; _module_preset=&#8221;default&#8221; global_colors_info=&#8221;{}&#8221;][\/et_pb_image][et_pb_image src=&#8221;https:\/\/hanshelgesenskolen.org\/hhs\/wp-content\/uploads\/2023\/11\/IMG_1196-rotated.jpeg&#8221; _builder_version=&#8221;4.23.1&#8243; _module_preset=&#8221;default&#8221; title_text=&#8221;IMG_1196&#8243; hover_enabled=&#8221;0&#8243; sticky_enabled=&#8221;0&#8243;][\/et_pb_image][\/et_pb_column][\/et_pb_row][et_pb_row _builder_version=&#8221;4.23.1&#8243; _module_preset=&#8221;default&#8221; column_structure=&#8221;1_4,1_4,1_4,1_4&#8243;][et_pb_column _builder_version=&#8221;4.23.1&#8243; _module_preset=&#8221;default&#8221; type=&#8221;1_4&#8243;][et_pb_image src=&#8221;https:\/\/hanshelgesenskolen.org\/hhs\/wp-content\/uploads\/2023\/11\/IMG_1479.jpeg&#8221; _builder_version=&#8221;4.23.1&#8243; _module_preset=&#8221;default&#8221; title_text=&#8221;IMG_1479&#8243; hover_enabled=&#8221;0&#8243; sticky_enabled=&#8221;0&#8243;][\/et_pb_image][\/et_pb_column][et_pb_column _builder_version=&#8221;4.23.1&#8243; _module_preset=&#8221;default&#8221; type=&#8221;1_4&#8243;][et_pb_image src=&#8221;https:\/\/hanshelgesenskolen.org\/hhs\/wp-content\/uploads\/2023\/11\/IMG_0242.jpeg&#8221; _builder_version=&#8221;4.23.1&#8243; _module_preset=&#8221;default&#8221; title_text=&#8221;IMG_0242&#8243; hover_enabled=&#8221;0&#8243; sticky_enabled=&#8221;0&#8243;][\/et_pb_image][\/et_pb_column][et_pb_column _builder_version=&#8221;4.23.1&#8243; _module_preset=&#8221;default&#8221; type=&#8221;1_4&#8243;][et_pb_image src=&#8221;https:\/\/hanshelgesenskolen.org\/hhs\/wp-content\/uploads\/2023\/11\/IMG_1198-rotated.jpeg&#8221; _builder_version=&#8221;4.23.1&#8243; _module_preset=&#8221;default&#8221; title_text=&#8221;IMG_1198&#8243; hover_enabled=&#8221;0&#8243; sticky_enabled=&#8221;0&#8243;][\/et_pb_image][\/et_pb_column][et_pb_column _builder_version=&#8221;4.23.1&#8243; _module_preset=&#8221;default&#8221; type=&#8221;1_4&#8243;][et_pb_image src=&#8221;https:\/\/hanshelgesenskolen.org\/hhs\/wp-content\/uploads\/2023\/11\/IMG_1395.jpeg&#8221; _builder_version=&#8221;4.23.1&#8243; _module_preset=&#8221;default&#8221; title_text=&#8221;IMG_1395&#8243; hover_enabled=&#8221;0&#8243; sticky_enabled=&#8221;0&#8243;][\/et_pb_image][\/et_pb_column][\/et_pb_row][\/et_pb_section]<\/p>\n","protected":false},"excerpt":{"rendered":"<p>Velkommen til Hans Helgesen-Skolens skolehave! Vi er stolte af at pr\u00e6sentere vores smukke skolehave, der udg\u00f8r et unikt l\u00e6ringsmilj\u00f8 for vores elever. Hos os tror vi p\u00e5, at naturen ikke kun er en kilde til sk\u00f8nhed, men ogs\u00e5 en uudt\u00f8mmelig kilde til l\u00e6ring og udvikling. Derfor har vi skabt Hans Helgesen-Skolens skolehave som et levende [&hellip;]<\/p>\n","protected":false},"author":1,"featured_media":0,"parent":0,"menu_order":0,"comment_status":"closed","ping_status":"closed","template":"","meta":{"_et_pb_use_builder":"on","_et_pb_old_content":"","_et_gb_content_width":"","footnotes":""},"class_list":["post-149","page","type-page","status-publish","hentry"],"publishpress_future_action":{"enabled":false,"date":"2026-05-16 14:29:18","action":"change-status","newStatus":"draft","terms":[],"taxonomy":"","extraData":[]},"publishpress_future_workflow_manual_trigger":{"enabledWorkflows":[]},"_links":{"self":[{"href":"https:\/\/hanshelgesenskolen.org\/index.php\/wp-json\/wp\/v2\/pages\/149","targetHints":{"allow":["GET"]}}],"collection":[{"href":"https:\/\/hanshelgesenskolen.org\/index.php\/wp-json\/wp\/v2\/pages"}],"about":[{"href":"https:\/\/hanshelgesenskolen.org\/index.php\/wp-json\/wp\/v2\/types\/page"}],"author":[{"embeddable":true,"href":"https:\/\/hanshelgesenskolen.org\/index.php\/wp-json\/wp\/v2\/users\/1"}],"replies":[{"embeddable":true,"href":"https:\/\/hanshelgesenskolen.org\/index.php\/wp-json\/wp\/v2\/comments?post=149"}],"version-history":[{"count":4,"href":"https:\/\/hanshelgesenskolen.org\/index.php\/wp-json\/wp\/v2\/pages\/149\/revisions"}],"predecessor-version":[{"id":1117,"href":"https:\/\/hanshelgesenskolen.org\/index.php\/wp-json\/wp\/v2\/pages\/149\/revisions\/1117"}],"wp:attachment":[{"href":"https:\/\/hanshelgesenskolen.org\/index.php\/wp-json\/wp\/v2\/media?parent=149"}],"curies":[{"name":"wp","href":"https:\/\/api.w.org\/{rel}","templated":true}]}}