{"id":146,"date":"2022-04-25T21:08:33","date_gmt":"2022-04-25T21:08:33","guid":{"rendered":"https:\/\/hanshelgesenskolen.org\/hhs\/?page_id=146"},"modified":"2022-04-30T23:46:48","modified_gmt":"2022-04-30T21:46:48","slug":"eu-schulobst","status":"publish","type":"page","link":"https:\/\/hanshelgesenskolen.org\/index.php\/eu-schulobst\/","title":{"rendered":"EU-Schulobst"},"content":{"rendered":"<p>[et_pb_section fb_built=&#8221;1&#8243; _builder_version=&#8221;4.17.3&#8243; _module_preset=&#8221;default&#8221; global_colors_info=&#8221;{}&#8221; theme_builder_area=&#8221;post_content&#8221; custom_padding=&#8221;4px|||||&#8221;][et_pb_row column_structure=&#8221;3_5,2_5&#8243; _builder_version=&#8221;4.17.3&#8243; _module_preset=&#8221;default&#8221; global_colors_info=&#8221;{}&#8221; theme_builder_area=&#8221;post_content&#8221; custom_padding=&#8221;0px|||||&#8221;][et_pb_column type=&#8221;3_5&#8243; _builder_version=&#8221;4.17.3&#8243; _module_preset=&#8221;default&#8221; global_colors_info=&#8221;{}&#8221; theme_builder_area=&#8221;post_content&#8221;][et_pb_text _builder_version=&#8221;4.17.3&#8243; _module_preset=&#8221;default&#8221; global_colors_info=&#8221;{}&#8221; theme_builder_area=&#8221;post_content&#8221;]<\/p>\n<p class=\"bodytext\">I EU \u00f8nsker man at fremme sunde kostvaner og styrke b\u00f8rn og unges adgang til frugt, gr\u00f8nt og m\u00e6lk. Derfor har EU vedtaget en skoleordning, der skal give skoleelever bedre adgang til frugt, gr\u00f8nt og m\u00e6lk.<\/p>\n<p class=\"bodytext\">Skoleelever i 1.- 4. klassetrin kan f\u00e5 tilskud til frugt og gr\u00f8nt. Tilskuddet kommer fra EU og d\u00e6kker op til 100 pct. af udgifterne.<\/p>\n<p class=\"bodytext\">Tilskud til skolefrugt- og gr\u00f8nt er en effektiv m\u00e5de at f\u00e5 b\u00f8rn til at spise mere frugt og gr\u00f8nt. B\u00f8rn, der spiser sundt i l\u00f8bet af dagen, er mere koncentrerede, mindre syge og trives bedre. Frugt og gr\u00f8nt hj\u00e6lper til forebyggelse af overv\u00e6gt, hjertekarsygdomme og type 2-diabetes.<\/p>\n<p>[\/et_pb_text][\/et_pb_column][et_pb_column type=&#8221;2_5&#8243; _builder_version=&#8221;4.17.3&#8243; _module_preset=&#8221;default&#8221; global_colors_info=&#8221;{}&#8221; theme_builder_area=&#8221;post_content&#8221;][et_pb_image src=&#8221;https:\/\/hanshelgesenskolen.org\/hhs\/wp-content\/uploads\/2022\/04\/poster_EU_Schulprogramm1.png&#8221; title_text=&#8221;poster_EU_Schulprogramm1&#8243; _builder_version=&#8221;4.17.3&#8243; _module_preset=&#8221;default&#8221; global_colors_info=&#8221;{}&#8221; theme_builder_area=&#8221;post_content&#8221; custom_margin=&#8221;-104px|||||&#8221;][\/et_pb_image][\/et_pb_column][\/et_pb_row][\/et_pb_section]<\/p>\n","protected":false},"excerpt":{"rendered":"<p>I EU \u00f8nsker man at fremme sunde kostvaner og styrke b\u00f8rn og unges adgang til frugt, gr\u00f8nt og m\u00e6lk. Derfor har EU vedtaget en skoleordning, der skal give skoleelever bedre adgang til frugt, gr\u00f8nt og m\u00e6lk. Skoleelever i 1.- 4. klassetrin kan f\u00e5 tilskud til frugt og gr\u00f8nt. Tilskuddet kommer fra EU og d\u00e6kker op [&hellip;]<\/p>\n","protected":false},"author":1,"featured_media":0,"parent":0,"menu_order":0,"comment_status":"closed","ping_status":"closed","template":"","meta":{"_et_pb_use_builder":"on","_et_pb_old_content":"","_et_gb_content_width":"","footnotes":""},"class_list":["post-146","page","type-page","status-publish","hentry"],"publishpress_future_action":{"enabled":false,"date":"2026-05-16 14:26:38","action":"change-status","newStatus":"draft","terms":[],"taxonomy":"","extraData":[]},"publishpress_future_workflow_manual_trigger":{"enabledWorkflows":[]},"_links":{"self":[{"href":"https:\/\/hanshelgesenskolen.org\/index.php\/wp-json\/wp\/v2\/pages\/146","targetHints":{"allow":["GET"]}}],"collection":[{"href":"https:\/\/hanshelgesenskolen.org\/index.php\/wp-json\/wp\/v2\/pages"}],"about":[{"href":"https:\/\/hanshelgesenskolen.org\/index.php\/wp-json\/wp\/v2\/types\/page"}],"author":[{"embeddable":true,"href":"https:\/\/hanshelgesenskolen.org\/index.php\/wp-json\/wp\/v2\/users\/1"}],"replies":[{"embeddable":true,"href":"https:\/\/hanshelgesenskolen.org\/index.php\/wp-json\/wp\/v2\/comments?post=146"}],"version-history":[{"count":6,"href":"https:\/\/hanshelgesenskolen.org\/index.php\/wp-json\/wp\/v2\/pages\/146\/revisions"}],"predecessor-version":[{"id":350,"href":"https:\/\/hanshelgesenskolen.org\/index.php\/wp-json\/wp\/v2\/pages\/146\/revisions\/350"}],"wp:attachment":[{"href":"https:\/\/hanshelgesenskolen.org\/index.php\/wp-json\/wp\/v2\/media?parent=146"}],"curies":[{"name":"wp","href":"https:\/\/api.w.org\/{rel}","templated":true}]}}