{"id":143,"date":"2022-04-25T21:07:44","date_gmt":"2022-04-25T21:07:44","guid":{"rendered":"https:\/\/hanshelgesenskolen.org\/hhs\/?page_id=143"},"modified":"2026-05-11T09:30:34","modified_gmt":"2026-05-11T07:30:34","slug":"nationalpark","status":"publish","type":"page","link":"https:\/\/hanshelgesenskolen.org\/index.php\/nationalpark\/","title":{"rendered":"Nationalpark"},"content":{"rendered":"<p>[et_pb_section fb_built=&#8221;1&#8243; _builder_version=&#8221;4.23.1&#8243; _module_preset=&#8221;default&#8221; global_colors_info=&#8221;{}&#8221;][et_pb_row column_structure=&#8221;3_4,1_4&#8243; _builder_version=&#8221;4.23.1&#8243; _module_preset=&#8221;default&#8221; global_colors_info=&#8221;{}&#8221;][et_pb_column type=&#8221;3_4&#8243; _builder_version=&#8221;4.23.1&#8243; _module_preset=&#8221;default&#8221; global_colors_info=&#8221;{}&#8221;][et_pb_text _builder_version=&#8221;4.23.1&#8243; _module_preset=&#8221;default&#8221; global_colors_info=&#8221;{}&#8221;]<\/p>\n<p data-start=\"131\" data-end=\"347\">Hans Helgesen-Skolen er nu officielt blevet Nationalpark-Skole \u2013 en vigtig milep\u00e6l, som b\u00e5de er en stor anerkendelse og et tydeligt udtryk for skolens engagement i b\u00e6redygtighed, naturforst\u00e5else og milj\u00f8undervisning.<\/p>\n<p data-start=\"349\" data-end=\"742\">Som Nationalpark-Skole er vi en del af et st\u00e6rkt netv\u00e6rk i Vadehavsomr\u00e5det, hvor fokus er at styrke b\u00f8rn og unges kendskab til naturen, milj\u00f8et og det unikke landskab, som omgiver os. P\u00e5 Hans Helgesen-Skolen \u00f8nsker vi at integrere naturen og Vadehavet endnu mere i skolens hverdag og undervisning, s\u00e5 eleverne oplever en t\u00e6t sammenh\u00e6ng mellem l\u00e6ring, f\u00e6llesskab og den verden, de er en del af.<\/p>\n<p data-start=\"744\" data-end=\"1091\">Eleverne f\u00e5r mulighed for at udforske og forst\u00e5 Vadehavet \u2013 b\u00e5de lokalt og langs hele vestkysten. Gennem undervisning, ekskursioner og projekter vil de opn\u00e5 indsigt i naturens betydning, biodiversitet og n\u00f8dvendigheden af at passe p\u00e5 vores f\u00e6lles milj\u00f8. M\u00e5let er at skabe nysgerrighed, ansvarsf\u00f8lelse og b\u00e6redygtige handlekompetencer hos eleverne.<\/p>\n<p data-start=\"1093\" data-end=\"1328\">Som Nationalpark-Skole samarbejder vi t\u00e6t med Nationalpark Vadehavet, lokale naturvejledere og andre relevante samarbejdspartnere for at sikre, at undervisningen bygger p\u00e5 aktuel viden og giver eleverne autentiske oplevelser i naturen.<\/p>\n<p data-start=\"1330\" data-end=\"1612\">Vi \u00f8nsker samtidig at involvere hele skolef\u00e6llesskabet. Derfor vil vi l\u00f8bende arrangere aktiviteter, temadage, workshops og f\u00e6lles arrangementer, hvor elever, for\u00e6ldre og lokalsamfundet kan v\u00e6re med til at styrke forst\u00e5elsen for og tilknytningen til Vadehavet og naturen omkring os.<\/p>\n<p data-start=\"1614\" data-end=\"1735\" data-is-last-node=\"\" data-is-only-node=\"\">At v\u00e6re Nationalpark-Skole er ikke blot en titel \u2013 det er en del af vores identitet og vores f\u00e6lles ansvar for fremtiden.<\/p>\n<p>&nbsp;<\/p>\n<p>[\/et_pb_text][et_pb_image src=&#8221;https:\/\/hanshelgesenskolen.org\/hhs\/wp-content\/uploads\/2024\/09\/IMG_7098-300&#215;225.jpeg&#8221; title_text=&#8221;IMG_7098&#8243; _builder_version=&#8221;4.27.6&#8243; _module_preset=&#8221;default&#8221; hover_enabled=&#8221;0&#8243; global_colors_info=&#8221;{}&#8221; sticky_enabled=&#8221;0&#8243;][\/et_pb_image][\/et_pb_column][et_pb_column type=&#8221;1_4&#8243; _builder_version=&#8221;4.23.1&#8243; _module_preset=&#8221;default&#8221; global_colors_info=&#8221;{}&#8221;][et_pb_image src=&#8221;https:\/\/hanshelgesenskolen.org\/hhs\/wp-content\/uploads\/2022\/06\/Vadehav3-scaled.jpg&#8221; title_text=&#8221;Vadehav(3)&#8221; _builder_version=&#8221;4.23.1&#8243; _module_preset=&#8221;default&#8221; global_colors_info=&#8221;{}&#8221;][\/et_pb_image][et_pb_text _builder_version=&#8221;4.23.1&#8243; _module_preset=&#8221;default&#8221; global_colors_info=&#8221;{}&#8221;]<\/p>\n<p>Hvad vil eleverne m\u00f8de<\/p>\n<ul>\n<li>Vandring i vadehavet<\/li>\n<li>Multimar Watforum<\/li>\n<li>Bes\u00f8g af og l\u00e6ring om halliglivet<\/li>\n<li>Vadehascenter Ribe<\/li>\n<li>Kendskab til tidevand<\/li>\n<li>Forst\u00e5 liv i samspil med naturen<\/li>\n<li>Stormflod<\/li>\n<\/ul>\n<p>Aktiviteterne er til dels i f\u00e6llesskab med Husum Danske Skole og Uffe Skolen som ligeledes er nationalparkskoler.<\/p>\n<p>[\/et_pb_text][\/et_pb_column][\/et_pb_row][\/et_pb_section]<\/p>\n","protected":false},"excerpt":{"rendered":"<p>Hans Helgesen-Skolen er nu officielt blevet Nationalpark-Skole \u2013 en vigtig milep\u00e6l, som b\u00e5de er en stor anerkendelse og et tydeligt udtryk for skolens engagement i b\u00e6redygtighed, naturforst\u00e5else og milj\u00f8undervisning. Som Nationalpark-Skole er vi en del af et st\u00e6rkt netv\u00e6rk i Vadehavsomr\u00e5det, hvor fokus er at styrke b\u00f8rn og unges kendskab til naturen, milj\u00f8et og det [&hellip;]<\/p>\n","protected":false},"author":1,"featured_media":0,"parent":0,"menu_order":0,"comment_status":"closed","ping_status":"closed","template":"","meta":{"_et_pb_use_builder":"on","_et_pb_old_content":"","_et_gb_content_width":"","footnotes":""},"class_list":["post-143","page","type-page","status-publish","hentry"],"publishpress_future_action":{"enabled":false,"date":"2026-05-23 11:25:38","action":"change-status","newStatus":"draft","terms":[],"taxonomy":"","extraData":[]},"publishpress_future_workflow_manual_trigger":{"enabledWorkflows":[]},"_links":{"self":[{"href":"https:\/\/hanshelgesenskolen.org\/index.php\/wp-json\/wp\/v2\/pages\/143","targetHints":{"allow":["GET"]}}],"collection":[{"href":"https:\/\/hanshelgesenskolen.org\/index.php\/wp-json\/wp\/v2\/pages"}],"about":[{"href":"https:\/\/hanshelgesenskolen.org\/index.php\/wp-json\/wp\/v2\/types\/page"}],"author":[{"embeddable":true,"href":"https:\/\/hanshelgesenskolen.org\/index.php\/wp-json\/wp\/v2\/users\/1"}],"replies":[{"embeddable":true,"href":"https:\/\/hanshelgesenskolen.org\/index.php\/wp-json\/wp\/v2\/comments?post=143"}],"version-history":[{"count":4,"href":"https:\/\/hanshelgesenskolen.org\/index.php\/wp-json\/wp\/v2\/pages\/143\/revisions"}],"predecessor-version":[{"id":1953,"href":"https:\/\/hanshelgesenskolen.org\/index.php\/wp-json\/wp\/v2\/pages\/143\/revisions\/1953"}],"wp:attachment":[{"href":"https:\/\/hanshelgesenskolen.org\/index.php\/wp-json\/wp\/v2\/media?parent=143"}],"curies":[{"name":"wp","href":"https:\/\/api.w.org\/{rel}","templated":true}]}}