{"id":140,"date":"2022-04-25T21:06:50","date_gmt":"2022-04-25T21:06:50","guid":{"rendered":"https:\/\/hanshelgesenskolen.org\/hhs\/?page_id=140"},"modified":"2024-03-26T22:41:44","modified_gmt":"2024-03-26T21:41:44","slug":"baeredygtighed","status":"publish","type":"page","link":"https:\/\/hanshelgesenskolen.org\/index.php\/baeredygtighed\/","title":{"rendered":"B\u00e6redygtighed"},"content":{"rendered":"<p>[et_pb_section fb_built=&#8221;1&#8243; theme_builder_area=&#8221;post_content&#8221; _builder_version=&#8221;4.24.2&#8243; _module_preset=&#8221;default&#8221;][et_pb_row _builder_version=&#8221;4.24.2&#8243; _module_preset=&#8221;default&#8221; theme_builder_area=&#8221;post_content&#8221; column_structure=&#8221;3_5,2_5&#8243;][et_pb_column _builder_version=&#8221;4.24.2&#8243; _module_preset=&#8221;default&#8221; type=&#8221;3_5&#8243; theme_builder_area=&#8221;post_content&#8221;][et_pb_text _builder_version=&#8221;4.24.2&#8243; _module_preset=&#8221;default&#8221; theme_builder_area=&#8221;post_content&#8221; hover_enabled=&#8221;0&#8243; sticky_enabled=&#8221;0&#8243;]<\/p>\n<p>P\u00e5 Hans Helgesen-Skolen, arbejder vi med b\u00e6redygtighed som en vigtig del af vores skole. Vores m\u00e5ls\u00e6tning omfatter at blive en nationalparkskole, dyrke vores k\u00f8kkenhave, fremme b\u00e6redygtig ern\u00e6ring og give vores elever en milj\u00f8m\u00e6ssig opdragelse. Vi giver vores elever de n\u00f8dvendige redskaber til at forst\u00e5 og v\u00e6rne om vores planet. Hos os er b\u00e6redygtighed mere end blot en vision &#8211; det er en vej vi g\u00e5r sammen p\u00e5.<\/p>\n<p>[\/et_pb_text][\/et_pb_column][et_pb_column _builder_version=&#8221;4.24.2&#8243; _module_preset=&#8221;default&#8221; type=&#8221;2_5&#8243; theme_builder_area=&#8221;post_content&#8221;][et_pb_image src=&#8221;https:\/\/hanshelgesenskolen.org\/hhs\/wp-content\/uploads\/2023\/11\/IMG_1196-rotated.jpeg&#8221; _builder_version=&#8221;4.24.2&#8243; _module_preset=&#8221;default&#8221; theme_builder_area=&#8221;post_content&#8221; title_text=&#8221;IMG_1196&#8243; hover_enabled=&#8221;0&#8243; sticky_enabled=&#8221;0&#8243;][\/et_pb_image][\/et_pb_column][\/et_pb_row][\/et_pb_section]<\/p>\n","protected":false},"excerpt":{"rendered":"<p>P\u00e5 Hans Helgesen-Skolen, arbejder vi med b\u00e6redygtighed som en vigtig del af vores skole. Vores m\u00e5ls\u00e6tning omfatter at blive en nationalparkskole, dyrke vores k\u00f8kkenhave, fremme b\u00e6redygtig ern\u00e6ring og give vores elever en milj\u00f8m\u00e6ssig opdragelse. Vi giver vores elever de n\u00f8dvendige redskaber til at forst\u00e5 og v\u00e6rne om vores planet. Hos os er b\u00e6redygtighed mere end [&hellip;]<\/p>\n","protected":false},"author":1,"featured_media":0,"parent":0,"menu_order":0,"comment_status":"closed","ping_status":"closed","template":"","meta":{"_et_pb_use_builder":"on","_et_pb_old_content":"","_et_gb_content_width":"","footnotes":""},"class_list":["post-140","page","type-page","status-publish","hentry"],"publishpress_future_action":{"enabled":false,"date":"2026-04-23 08:24:01","action":"change-status","newStatus":"draft","terms":[],"taxonomy":"","extraData":[]},"publishpress_future_workflow_manual_trigger":{"enabledWorkflows":[]},"_links":{"self":[{"href":"https:\/\/hanshelgesenskolen.org\/index.php\/wp-json\/wp\/v2\/pages\/140","targetHints":{"allow":["GET"]}}],"collection":[{"href":"https:\/\/hanshelgesenskolen.org\/index.php\/wp-json\/wp\/v2\/pages"}],"about":[{"href":"https:\/\/hanshelgesenskolen.org\/index.php\/wp-json\/wp\/v2\/types\/page"}],"author":[{"embeddable":true,"href":"https:\/\/hanshelgesenskolen.org\/index.php\/wp-json\/wp\/v2\/users\/1"}],"replies":[{"embeddable":true,"href":"https:\/\/hanshelgesenskolen.org\/index.php\/wp-json\/wp\/v2\/comments?post=140"}],"version-history":[{"count":3,"href":"https:\/\/hanshelgesenskolen.org\/index.php\/wp-json\/wp\/v2\/pages\/140\/revisions"}],"predecessor-version":[{"id":1244,"href":"https:\/\/hanshelgesenskolen.org\/index.php\/wp-json\/wp\/v2\/pages\/140\/revisions\/1244"}],"wp:attachment":[{"href":"https:\/\/hanshelgesenskolen.org\/index.php\/wp-json\/wp\/v2\/media?parent=140"}],"curies":[{"name":"wp","href":"https:\/\/api.w.org\/{rel}","templated":true}]}}